{"id":397,"date":"2019-04-13T08:04:44","date_gmt":"2019-04-13T07:04:44","guid":{"rendered":"https:\/\/www.angelsmedugorje.com\/sehenswurdigkeiten-in-der-nahe-medjugorje\/"},"modified":"2019-04-13T08:04:45","modified_gmt":"2019-04-13T07:04:45","slug":"sehenswurdigkeiten-in-der-nahe-medjugorje","status":"publish","type":"page","link":"https:\/\/www.angelsmedugorje.com\/de\/sehenswurdigkeiten-in-der-nahe-medjugorje\/","title":{"rendered":"Sehensw\u00fcrdigkeiten in der N\u00e4he Medjugorje"},"content":{"rendered":"<p>[et_pb_section fb_built=&#8220;1&#8243; fullwidth=&#8220;on&#8220; disabled_on=&#8220;off|on|on&#8220; admin_label=&#8220;Hero Section&#8220; _builder_version=&#8220;3.20.2&#8243; background_color=&#8220;rgba(255,255,255,0.7)&#8220; animation_style=&#8220;fade&#8220; animation_direction=&#8220;bottom&#8220; animation_duration=&#8220;1250ms&#8220;][et_pb_fullwidth_header title=&#8220;Medjugorje Engels&#8220; subhead=&#8220;Genie\u00dfen Sie Ihren Aufenthalt in einer sch\u00f6nen Lage im Zentrum von Medjugorje&#8220; text_orientation=&#8220;center&#8220; header_fullscreen=&#8220;on&#8220; button_one_text=&#8220;Erfahren Sie mehr&#8220; button_one_url=&#8220;#oNama&#8220; background_overlay_color=&#8220;rgba(0,0,0,0.42)&#8220; content_max_width=&#8220;50%&#8220; title_font_color=&#8220;#444235&#8243; subhead_font_color=&#8220;#444235&#8243; content_max_width_tablet=&#8220;78%&#8220; content_max_width_phone=&#8220;100%&#8220; content_max_width_last_edited=&#8220;on|phone&#8220; disabled_on=&#8220;on|off|off&#8220; admin_label=&#8220;Hero&#8220; _builder_version=&#8220;3.20.2&#8243; title_font=&#8220;|700|||||||&#8220; title_text_align=&#8220;center&#8220; title_text_color=&#8220;#ffffff&#8220; title_font_size=&#8220;80px&#8220; title_font_size_phone=&#8220;80px&#8220; title_font_size_last_edited=&#8220;on|phone&#8220; title_line_height=&#8220;1.3em&#8220; title_text_shadow_style=&#8220;preset2&#8243; title_text_shadow_horizontal_length=&#8220;0em&#8220; title_text_shadow_vertical_length=&#8220;0.06em&#8220; title_text_shadow_color=&#8220;#000000&#8243; content_font=&#8220;||||||||&#8220; subhead_font=&#8220;Open Sans||on||||||&#8220; subhead_text_align=&#8220;center&#8220; subhead_text_color=&#8220;#ffffff&#8220; subhead_font_size=&#8220;24px&#8220; subhead_font_size_phone=&#8220;15px&#8220; subhead_font_size_last_edited=&#8220;on|desktop&#8220; subhead_letter_spacing=&#8220;3px&#8220; subhead_line_height=&#8220;2em&#8220; subhead_text_shadow_style=&#8220;preset1&#8243; subhead_text_shadow_color=&#8220;#000000&#8243; background_image=&#8220;https:\/\/www.angelsmedugorje.com\/wp-content\/uploads\/Slider-01.jpg&#8220; background_position=&#8220;center_left&#8220; custom_button_one=&#8220;on&#8220; button_one_text_size=&#8220;16px&#8220; button_one_text_color=&#8220;#ffffff&#8220; button_one_border_width=&#8220;1px&#8220; button_one_border_color=&#8220;#ffffff&#8220; button_one_border_radius=&#8220;5px&#8220; button_one_letter_spacing=&#8220;6px&#8220; button_one_font=&#8220;||||||||&#8220; button_one_use_icon=&#8220;off&#8220; background_layout=&#8220;light&#8220; child_filter_saturate=&#8220;0%&#8220; animation_style=&#8220;fade&#8220; button_one_letter_spacing_hover=&#8220;10px&#8220; button_one_text_size__hover_enabled=&#8220;off&#8220; button_two_text_size__hover_enabled=&#8220;off&#8220; button_one_text_color__hover_enabled=&#8220;off&#8220; button_two_text_color__hover_enabled=&#8220;off&#8220; button_one_border_width__hover_enabled=&#8220;off&#8220; button_two_border_width__hover_enabled=&#8220;off&#8220; button_one_border_color__hover_enabled=&#8220;on&#8220; button_two_border_color__hover_enabled=&#8220;off&#8220; button_one_border_radius__hover_enabled=&#8220;off&#8220; button_two_border_radius__hover_enabled=&#8220;off&#8220; button_one_letter_spacing__hover_enabled=&#8220;on&#8220; button_one_letter_spacing__hover=&#8220;7px&#8220; button_two_letter_spacing__hover_enabled=&#8220;off&#8220; button_one_bg_color__hover_enabled=&#8220;on&#8220; button_two_bg_color__hover_enabled=&#8220;off&#8220; button_one_bg_color__hover=&#8220;#00AFEF&#8220; button_one_border_color__hover=&#8220;#00AFEF&#8220;][\/et_pb_fullwidth_header][\/et_pb_section][et_pb_section fb_built=&#8220;1&#8243; admin_label=&#8220;Header&#8220; _builder_version=&#8220;3.20.2&#8243; use_background_color_gradient=&#8220;on&#8220; background_color_gradient_start=&#8220;rgba(255,255,255,0.89)&#8220; background_color_gradient_end=&#8220;rgba(255,255,255,0.35)&#8220; background_color_gradient_type=&#8220;radial&#8220; background_color_gradient_direction_radial=&#8220;top left&#8220; background_color_gradient_start_position=&#8220;30%&#8220; background_color_gradient_overlays_image=&#8220;on&#8220; background_image=&#8220;https:\/\/www.angelsmedugorje.com\/wp-content\/uploads\/Angels-Medugorje-BCG-02.jpg&#8220; background_position=&#8220;top_center&#8220; custom_padding=&#8220;2vw|0px|42px|0px|false|false&#8220;][et_pb_row _builder_version=&#8220;3.13&#8243;][et_pb_column type=&#8220;4_4&#8243; _builder_version=&#8220;3.0.47&#8243;][et_pb_text _builder_version=&#8220;3.20.2&#8243; text_font=&#8220;||||||||&#8220; header_font=&#8220;|600|||||||&#8220; header_text_color=&#8220;#373435&#8243; header_font_size=&#8220;80px&#8220; header_font_size_tablet=&#8220;48px&#8220; header_font_size_phone=&#8220;32px&#8220; header_font_size_last_edited=&#8220;on|phone&#8220; header_line_height=&#8220;1.2em&#8220; header_5_font=&#8220;Raleway|700||on|||||&#8220; header_5_text_color=&#8220;#373435&#8243; header_5_font_size=&#8220;20px&#8220; header_5_font_size_tablet=&#8220;14px&#8220; header_5_font_size_phone=&#8220;12px&#8220; header_5_font_size_last_edited=&#8220;on|desktop&#8220; header_5_letter_spacing=&#8220;0.3em&#8220; header_5_line_height=&#8220;1.8em&#8220; animation_style=&#8220;fade&#8220; animation_duration=&#8220;1250ms&#8220;]<\/p>\n<h5>Medjugorje Engels<\/h5>\n<h1>Sehensw\u00fcrdigkeiten in der N\u00e4he Medjugorje<\/h1>\n<p>[\/et_pb_text][\/et_pb_column][\/et_pb_row][\/et_pb_section][et_pb_section fb_built=&#8220;1&#8243; custom_padding_last_edited=&#8220;on|tablet&#8220; admin_label=&#8220;Packages&#8220; _builder_version=&#8220;3.0.76&#8243; custom_padding=&#8220;30px||30px||true|false&#8220; custom_padding_tablet=&#8220;0px||0px|&#8220;][et_pb_row use_custom_gutter=&#8220;on&#8220; gutter_width=&#8220;3&#8243; custom_padding=&#8220;55px|0px|65px|0px|false|false&#8220; admin_label=&#8220;Package&#8220; _builder_version=&#8220;3.20.2&#8243; background_size=&#8220;initial&#8220; background_position=&#8220;top_left&#8220; background_repeat=&#8220;repeat&#8220; animation_style=&#8220;fade&#8220; animation_duration=&#8220;1250ms&#8220;][et_pb_column type=&#8220;1_2&#8243; _builder_version=&#8220;3.0.47&#8243;][et_pb_image src=&#8220;https:\/\/www.angelsmedugorje.com\/wp-content\/uploads\/Mostar.jpg&#8220; align=&#8220;center&#8220; _builder_version=&#8220;3.20.2&#8243; box_shadow_style=&#8220;preset1&#8243; box_shadow_spread=&#8220;1px&#8220; custom_padding=&#8220;35px||&#8220; animation_style=&#8220;fade&#8220; animation_duration=&#8220;1250ms&#8220;][\/et_pb_image][\/et_pb_column][et_pb_column type=&#8220;1_2&#8243; _builder_version=&#8220;3.0.47&#8243;][et_pb_text admin_label=&#8220;Title&#8220; _builder_version=&#8220;3.20.2&#8243; text_font=&#8220;|600|||||||&#8220; header_font=&#8220;|600||on|||||&#8220; header_text_align=&#8220;left&#8220; header_text_color=&#8220;#00AFEF&#8220; header_font_size=&#8220;40px&#8220; header_letter_spacing=&#8220;2px&#8220; header_line_height=&#8220;1.5em&#8220; header_2_font=&#8220;||||||||&#8220; header_3_font=&#8220;||||||||&#8220; header_4_font=&#8220;||||||||&#8220; header_5_font=&#8220;||||||||&#8220; header_6_font=&#8220;||||||||&#8220; background_size=&#8220;initial&#8220; background_position=&#8220;top_left&#8220; background_repeat=&#8220;repeat&#8220; text_orientation=&#8220;center&#8220; module_alignment=&#8220;left&#8220; custom_margin=&#8220;||15px|&#8220; animation_style=&#8220;fade&#8220; animation_duration=&#8220;1250ms&#8220; locked=&#8220;off&#8220;]<\/p>\n<h1>Mostar<\/h1>\n<p>[\/et_pb_text][et_pb_text admin_label=&#8220;Description&#8220; _builder_version=&#8220;3.20.2&#8243; text_font=&#8220;||||||||&#8220; text_font_size=&#8220;16px&#8220; text_line_height=&#8220;2.2em&#8220; background_size=&#8220;initial&#8220; background_position=&#8220;top_left&#8220; background_repeat=&#8220;repeat&#8220; animation_style=&#8220;fade&#8220; animation_duration=&#8220;1250ms&#8220;]<\/p>\n<p>Die beste Beschreibung von Mostar w\u00e4re ein Ort, an dem die \u00f6stliche Welt auf die westliche Welt trifft. Es ist eine Stadt der Gegens\u00e4tze, reich an Kultur und Gastronomie. Mostar ist nicht nur durch den Fluss Neretva, der ihn durchquert, sondern auch durch Religion und Kultur geteilt.<\/p>\n<p>Zu den Hauptattraktionen von Mostar geh\u00f6ren : die alte Br\u00fccke (Stari Most), der alte Kujundziluk-Basar, die Koskin-Mehmed-Pasha-Moschee und das T\u00fcrkische Haus (Kajtaz).<\/p>\n<p>[\/et_pb_text][\/et_pb_column][\/et_pb_row][et_pb_row use_custom_gutter=&#8220;on&#8220; gutter_width=&#8220;3&#8243; custom_padding=&#8220;55px|0px|65px|0px|false|false&#8220; admin_label=&#8220;Package&#8220; _builder_version=&#8220;3.20.2&#8243; background_size=&#8220;initial&#8220; background_position=&#8220;top_left&#8220; background_repeat=&#8220;repeat&#8220; animation_style=&#8220;fade&#8220; animation_duration=&#8220;1250ms&#8220;][et_pb_column type=&#8220;1_2&#8243; _builder_version=&#8220;3.0.47&#8243;][et_pb_image src=&#8220;https:\/\/www.angelsmedugorje.com\/wp-content\/uploads\/Kravice.jpg&#8220; align=&#8220;center&#8220; _builder_version=&#8220;3.20.2&#8243; box_shadow_style=&#8220;preset1&#8243; box_shadow_spread=&#8220;1px&#8220; custom_padding=&#8220;35px||&#8220; animation_style=&#8220;fade&#8220; animation_duration=&#8220;1250ms&#8220;][\/et_pb_image][\/et_pb_column][et_pb_column type=&#8220;1_2&#8243; _builder_version=&#8220;3.0.47&#8243;][et_pb_text admin_label=&#8220;Title&#8220; _builder_version=&#8220;3.20.2&#8243; text_font=&#8220;|600|||||||&#8220; header_font=&#8220;|600||on|||||&#8220; header_text_align=&#8220;left&#8220; header_text_color=&#8220;#00AFEF&#8220; header_font_size=&#8220;40px&#8220; header_letter_spacing=&#8220;2px&#8220; header_line_height=&#8220;1.5em&#8220; header_2_font=&#8220;||||||||&#8220; header_3_font=&#8220;||||||||&#8220; header_4_font=&#8220;||||||||&#8220; header_5_font=&#8220;||||||||&#8220; header_6_font=&#8220;||||||||&#8220; background_size=&#8220;initial&#8220; background_position=&#8220;top_left&#8220; background_repeat=&#8220;repeat&#8220; text_orientation=&#8220;center&#8220; module_alignment=&#8220;left&#8220; custom_margin=&#8220;||15px|&#8220; animation_style=&#8220;fade&#8220; animation_duration=&#8220;1250ms&#8220; locked=&#8220;off&#8220;]<\/p>\n<h1>Der Wasserfall von KRAVICE<\/h1>\n<p>[\/et_pb_text][et_pb_text admin_label=&#8220;Description&#8220; _builder_version=&#8220;3.20.2&#8243; text_font=&#8220;||||||||&#8220; text_font_size=&#8220;16px&#8220; text_line_height=&#8220;2.2em&#8220; background_size=&#8220;initial&#8220; background_position=&#8220;top_left&#8220; background_repeat=&#8220;repeat&#8220; animation_style=&#8220;fade&#8220; animation_duration=&#8220;1250ms&#8220;]<\/p>\n<p>Der Kravica-Wasserfall, oft irrt\u00fcmlich Kravice genannt, ist ein gro\u00dfer Tuffwasserfall am Fluss Trebi\u017eat im Karstischen Herzen der Herzegowina in Bosnien und Herzegowina. Er ist 10 km s\u00fcdlich von Ljubu\u0161ki und 40 km s\u00fcdlich von Mostar. Seine H\u00f6he betr\u00e4gt etwa 25 Meter und der Radius des Sees am Fu\u00dfe des Wasserfalls betr\u00e4gt 120 Meter. Kravice ist ein beliebtes Ziel f\u00fcr Schwimmen und Picknicks in der Umgebung. Im Sommer wird der Ort h\u00e4ufig von Touristen aus Mostar, Medjugorje und Dubrovnik besucht.<\/p>\n<p>[\/et_pb_text][\/et_pb_column][\/et_pb_row][et_pb_row use_custom_gutter=&#8220;on&#8220; gutter_width=&#8220;3&#8243; custom_padding=&#8220;55px|0px|65px|0px|false|false&#8220; admin_label=&#8220;Package&#8220; _builder_version=&#8220;3.20.2&#8243; background_size=&#8220;initial&#8220; background_position=&#8220;top_left&#8220; background_repeat=&#8220;repeat&#8220; animation_style=&#8220;fade&#8220; animation_duration=&#8220;1250ms&#8220;][et_pb_column type=&#8220;1_2&#8243; _builder_version=&#8220;3.0.47&#8243;][et_pb_image src=&#8220;https:\/\/www.angelsmedugorje.com\/wp-content\/uploads\/Split.jpg&#8220; align=&#8220;center&#8220; _builder_version=&#8220;3.20.2&#8243; box_shadow_style=&#8220;preset1&#8243; box_shadow_spread=&#8220;1px&#8220; custom_padding=&#8220;35px||&#8220; animation_style=&#8220;fade&#8220; animation_duration=&#8220;1250ms&#8220;][\/et_pb_image][\/et_pb_column][et_pb_column type=&#8220;1_2&#8243; _builder_version=&#8220;3.0.47&#8243;][et_pb_text admin_label=&#8220;Title&#8220; _builder_version=&#8220;3.20.2&#8243; text_font=&#8220;|600|||||||&#8220; header_font=&#8220;|600||on|||||&#8220; header_text_align=&#8220;left&#8220; header_text_color=&#8220;#00AFEF&#8220; header_font_size=&#8220;40px&#8220; header_letter_spacing=&#8220;2px&#8220; header_line_height=&#8220;1.5em&#8220; header_2_font=&#8220;||||||||&#8220; header_3_font=&#8220;||||||||&#8220; header_4_font=&#8220;||||||||&#8220; header_5_font=&#8220;||||||||&#8220; header_6_font=&#8220;||||||||&#8220; background_size=&#8220;initial&#8220; background_position=&#8220;top_left&#8220; background_repeat=&#8220;repeat&#8220; text_orientation=&#8220;center&#8220; module_alignment=&#8220;left&#8220; custom_margin=&#8220;||15px|&#8220; animation_style=&#8220;fade&#8220; animation_duration=&#8220;1250ms&#8220; locked=&#8220;off&#8220;]<\/p>\n<h1>Split<\/h1>\n<p>[\/et_pb_text][et_pb_text admin_label=&#8220;Description&#8220; _builder_version=&#8220;3.20.2&#8243; text_font=&#8220;||||||||&#8220; text_font_size=&#8220;16px&#8220; text_line_height=&#8220;2.2em&#8220; background_size=&#8220;initial&#8220; background_position=&#8220;top_left&#8220; background_repeat=&#8220;repeat&#8220; animation_style=&#8220;fade&#8220; animation_duration=&#8220;1250ms&#8220;]<\/p>\n<p>Die Geschichte von Split dauert 17 Jahrhunderte. Der r\u00f6mische Kaiser Diokletian beschloss, auf dieser Halbinsel nahe der r\u00f6mischen Stadt Salona einen Palast zu errichten, in dem er die letzten Jahre seines Lebens in Frieden verbringen w\u00fcrde. In den 1700er Jahren wurde der Palast langsam zu einer traditionsreichen Stadt, einer gro\u00dfartigen Geschichte und der Sch\u00f6nheit des Natur- und Kulturerbes. Split ist die gr\u00f6\u00dfte Stadt in Dalmatien, die zweitgr\u00f6\u00dfte Stadt in Kroatien und das Verwaltungszentrum der Gespanschaft Split-Dalmatien. Es liegt an der Adriak\u00fcste in Mitteldalmatien auf der Halbinsel Split (Marjan).<\/p>\n<p>[\/et_pb_text][\/et_pb_column][\/et_pb_row][et_pb_row use_custom_gutter=&#8220;on&#8220; gutter_width=&#8220;3&#8243; custom_padding=&#8220;55px|0px|65px|0px|false|false&#8220; admin_label=&#8220;Package&#8220; _builder_version=&#8220;3.20.2&#8243; background_size=&#8220;initial&#8220; background_position=&#8220;top_left&#8220; background_repeat=&#8220;repeat&#8220; animation_style=&#8220;fade&#8220; animation_duration=&#8220;1250ms&#8220;][et_pb_column type=&#8220;1_2&#8243; _builder_version=&#8220;3.0.47&#8243;][et_pb_image src=&#8220;https:\/\/www.angelsmedugorje.com\/wp-content\/uploads\/Dubrovnik.jpg&#8220; align=&#8220;center&#8220; _builder_version=&#8220;3.20.2&#8243; box_shadow_style=&#8220;preset1&#8243; box_shadow_spread=&#8220;1px&#8220; custom_padding=&#8220;35px||&#8220; animation_style=&#8220;fade&#8220; animation_duration=&#8220;1250ms&#8220;][\/et_pb_image][\/et_pb_column][et_pb_column type=&#8220;1_2&#8243; _builder_version=&#8220;3.0.47&#8243;][et_pb_text admin_label=&#8220;Title&#8220; _builder_version=&#8220;3.20.2&#8243; text_font=&#8220;|600|||||||&#8220; header_font=&#8220;|600||on|||||&#8220; header_text_align=&#8220;left&#8220; header_text_color=&#8220;#00AFEF&#8220; header_font_size=&#8220;40px&#8220; header_letter_spacing=&#8220;2px&#8220; header_line_height=&#8220;1.5em&#8220; header_2_font=&#8220;||||||||&#8220; header_3_font=&#8220;||||||||&#8220; header_4_font=&#8220;||||||||&#8220; header_5_font=&#8220;||||||||&#8220; header_6_font=&#8220;||||||||&#8220; background_size=&#8220;initial&#8220; background_position=&#8220;top_left&#8220; background_repeat=&#8220;repeat&#8220; text_orientation=&#8220;center&#8220; module_alignment=&#8220;left&#8220; custom_margin=&#8220;||15px|&#8220; animation_style=&#8220;fade&#8220; animation_duration=&#8220;1250ms&#8220; locked=&#8220;off&#8220;]<\/p>\n<h1>Dubrovnik<\/h1>\n<p>[\/et_pb_text][et_pb_text admin_label=&#8220;Description&#8220; _builder_version=&#8220;3.20.2&#8243; text_font=&#8220;||||||||&#8220; text_font_size=&#8220;16px&#8220; text_line_height=&#8220;2.2em&#8220; background_size=&#8220;initial&#8220; background_position=&#8220;top_left&#8220; background_repeat=&#8220;repeat&#8220; animation_style=&#8220;fade&#8220; animation_duration=&#8220;1250ms&#8220;]<\/p>\n<p>Das warme Klima, der weite blaue Himmel, die tiefen smaragdgr\u00fcnen und dunkelblauen Tiefen, die die felsige K\u00fcste ber\u00fchren und in viele Buchten \u00fcbergehen, die Sandstr\u00e4nde und steilen Klippen sind mit einer dichten mediterranen und subtropischen Flora geschm\u00fcckt. Dubrovnik badet in der Sonne, Orangen und blumigen Zitronen und reift mitten im Winter. Es hat mehr als 250 Sonnentage im Jahr mit einer durchschnittlichen Jahrestemperatur von 17 \u00b0 C, w\u00e4hrend die Durchschnittstemperatur im Winter 10 \u00b0 C und die durchschnittliche Sommertemperatur etwa 26 \u00b0 C betr\u00e4gt.<\/p>\n<p>[\/et_pb_text][\/et_pb_column][\/et_pb_row][\/et_pb_section]<\/p>\n","protected":false},"excerpt":{"rendered":"<p>Medjugorje Engels Sehensw\u00fcrdigkeiten in der N\u00e4he MedjugorjeMostarDie beste Beschreibung von Mostar w\u00e4re ein Ort, an dem die \u00f6stliche Welt auf die westliche Welt trifft. Es ist eine Stadt der Gegens\u00e4tze, reich an Kultur und Gastronomie. Mostar ist nicht nur durch den Fluss Neretva, der ihn durchquert, sondern auch durch Religion und Kultur geteilt. Zu den [&hellip;]<\/p>\n","protected":false},"author":1,"featured_media":380,"parent":0,"menu_order":0,"comment_status":"closed","ping_status":"closed","template":"","meta":{"_et_pb_use_builder":"on","_et_pb_old_content":"","_et_gb_content_width":"","footnotes":""},"class_list":["post-397","page","type-page","status-publish","has-post-thumbnail","hentry"],"yoast_head":"<!-- This site is optimized with the Yoast SEO plugin v27.5 - https:\/\/yoast.com\/product\/yoast-seo-wordpress\/ -->\n<title>Sehensw\u00fcrdigkeiten in der N\u00e4he Medjugorje - Angels Medugorje<\/title>\n<meta name=\"robots\" content=\"index, follow, max-snippet:-1, max-image-preview:large, max-video-preview:-1\" \/>\n<link rel=\"canonical\" href=\"https:\/\/www.angelsmedugorje.com\/de\/sehenswurdigkeiten-in-der-nahe-medjugorje\/\" \/>\n<meta property=\"og:locale\" content=\"de_DE\" \/>\n<meta property=\"og:type\" content=\"article\" \/>\n<meta property=\"og:title\" content=\"Sehensw\u00fcrdigkeiten in der N\u00e4he Medjugorje - Angels Medugorje\" \/>\n<meta property=\"og:description\" content=\"Medjugorje Engels Sehensw\u00fcrdigkeiten in der N\u00e4he MedjugorjeMostarDie beste Beschreibung von Mostar w\u00e4re ein Ort, an dem die \u00f6stliche Welt auf die westliche Welt trifft. Es ist eine Stadt der Gegens\u00e4tze, reich an Kultur und Gastronomie. Mostar ist nicht nur durch den Fluss Neretva, der ihn durchquert, sondern auch durch Religion und Kultur geteilt. Zu den [&hellip;]\" \/>\n<meta property=\"og:url\" content=\"https:\/\/www.angelsmedugorje.com\/de\/sehenswurdigkeiten-in-der-nahe-medjugorje\/\" \/>\n<meta property=\"og:site_name\" content=\"Angels Medugorje\" \/>\n<meta property=\"article:modified_time\" content=\"2019-04-13T07:04:45+00:00\" \/>\n<meta property=\"og:image\" content=\"https:\/\/www.angelsmedugorje.com\/wp-content\/uploads\/angels-ps-01.jpg\" \/>\n\t<meta property=\"og:image:width\" content=\"1920\" \/>\n\t<meta property=\"og:image:height\" content=\"1278\" \/>\n\t<meta property=\"og:image:type\" content=\"image\/jpeg\" \/>\n<meta name=\"twitter:card\" content=\"summary_large_image\" \/>\n<meta name=\"twitter:label1\" content=\"Gesch\u00e4tzte Lesezeit\" \/>\n\t<meta name=\"twitter:data1\" content=\"9\u00a0Minuten\" \/>\n<script type=\"application\/ld+json\" class=\"yoast-schema-graph\">{\"@context\":\"https:\\\/\\\/schema.org\",\"@graph\":[{\"@type\":\"WebPage\",\"@id\":\"https:\\\/\\\/www.angelsmedugorje.com\\\/de\\\/sehenswurdigkeiten-in-der-nahe-medjugorje\\\/\",\"url\":\"https:\\\/\\\/www.angelsmedugorje.com\\\/de\\\/sehenswurdigkeiten-in-der-nahe-medjugorje\\\/\",\"name\":\"Sehensw\u00fcrdigkeiten in der N\u00e4he Medjugorje - Angels Medugorje\",\"isPartOf\":{\"@id\":\"https:\\\/\\\/www.angelsmedugorje.com\\\/#website\"},\"primaryImageOfPage\":{\"@id\":\"https:\\\/\\\/www.angelsmedugorje.com\\\/de\\\/sehenswurdigkeiten-in-der-nahe-medjugorje\\\/#primaryimage\"},\"image\":{\"@id\":\"https:\\\/\\\/www.angelsmedugorje.com\\\/de\\\/sehenswurdigkeiten-in-der-nahe-medjugorje\\\/#primaryimage\"},\"thumbnailUrl\":\"https:\\\/\\\/www.angelsmedugorje.com\\\/wp-content\\\/uploads\\\/angels-ps-01.jpg\",\"datePublished\":\"2019-04-13T07:04:44+00:00\",\"dateModified\":\"2019-04-13T07:04:45+00:00\",\"breadcrumb\":{\"@id\":\"https:\\\/\\\/www.angelsmedugorje.com\\\/de\\\/sehenswurdigkeiten-in-der-nahe-medjugorje\\\/#breadcrumb\"},\"inLanguage\":\"de\",\"potentialAction\":[{\"@type\":\"ReadAction\",\"target\":[\"https:\\\/\\\/www.angelsmedugorje.com\\\/de\\\/sehenswurdigkeiten-in-der-nahe-medjugorje\\\/\"]}]},{\"@type\":\"ImageObject\",\"inLanguage\":\"de\",\"@id\":\"https:\\\/\\\/www.angelsmedugorje.com\\\/de\\\/sehenswurdigkeiten-in-der-nahe-medjugorje\\\/#primaryimage\",\"url\":\"https:\\\/\\\/www.angelsmedugorje.com\\\/wp-content\\\/uploads\\\/angels-ps-01.jpg\",\"contentUrl\":\"https:\\\/\\\/www.angelsmedugorje.com\\\/wp-content\\\/uploads\\\/angels-ps-01.jpg\",\"width\":1920,\"height\":1278},{\"@type\":\"BreadcrumbList\",\"@id\":\"https:\\\/\\\/www.angelsmedugorje.com\\\/de\\\/sehenswurdigkeiten-in-der-nahe-medjugorje\\\/#breadcrumb\",\"itemListElement\":[{\"@type\":\"ListItem\",\"position\":1,\"name\":\"Home\",\"item\":\"https:\\\/\\\/www.angelsmedugorje.com\\\/de\\\/\"},{\"@type\":\"ListItem\",\"position\":2,\"name\":\"Sehensw\u00fcrdigkeiten in der N\u00e4he Medjugorje\"}]},{\"@type\":\"WebSite\",\"@id\":\"https:\\\/\\\/www.angelsmedugorje.com\\\/#website\",\"url\":\"https:\\\/\\\/www.angelsmedugorje.com\\\/\",\"name\":\"Angels Medugorje\",\"description\":\"Enjoy Your Stay in a beautiful location in the center of Medugorje\",\"potentialAction\":[{\"@type\":\"SearchAction\",\"target\":{\"@type\":\"EntryPoint\",\"urlTemplate\":\"https:\\\/\\\/www.angelsmedugorje.com\\\/?s={search_term_string}\"},\"query-input\":{\"@type\":\"PropertyValueSpecification\",\"valueRequired\":true,\"valueName\":\"search_term_string\"}}],\"inLanguage\":\"de\"}]}<\/script>\n<!-- \/ Yoast SEO plugin. -->","yoast_head_json":{"title":"Sehensw\u00fcrdigkeiten in der N\u00e4he Medjugorje - Angels Medugorje","robots":{"index":"index","follow":"follow","max-snippet":"max-snippet:-1","max-image-preview":"max-image-preview:large","max-video-preview":"max-video-preview:-1"},"canonical":"https:\/\/www.angelsmedugorje.com\/de\/sehenswurdigkeiten-in-der-nahe-medjugorje\/","og_locale":"de_DE","og_type":"article","og_title":"Sehensw\u00fcrdigkeiten in der N\u00e4he Medjugorje - Angels Medugorje","og_description":"Medjugorje Engels Sehensw\u00fcrdigkeiten in der N\u00e4he MedjugorjeMostarDie beste Beschreibung von Mostar w\u00e4re ein Ort, an dem die \u00f6stliche Welt auf die westliche Welt trifft. Es ist eine Stadt der Gegens\u00e4tze, reich an Kultur und Gastronomie. Mostar ist nicht nur durch den Fluss Neretva, der ihn durchquert, sondern auch durch Religion und Kultur geteilt. Zu den [&hellip;]","og_url":"https:\/\/www.angelsmedugorje.com\/de\/sehenswurdigkeiten-in-der-nahe-medjugorje\/","og_site_name":"Angels Medugorje","article_modified_time":"2019-04-13T07:04:45+00:00","og_image":[{"width":1920,"height":1278,"url":"https:\/\/www.angelsmedugorje.com\/wp-content\/uploads\/angels-ps-01.jpg","type":"image\/jpeg"}],"twitter_card":"summary_large_image","twitter_misc":{"Gesch\u00e4tzte Lesezeit":"9\u00a0Minuten"},"schema":{"@context":"https:\/\/schema.org","@graph":[{"@type":"WebPage","@id":"https:\/\/www.angelsmedugorje.com\/de\/sehenswurdigkeiten-in-der-nahe-medjugorje\/","url":"https:\/\/www.angelsmedugorje.com\/de\/sehenswurdigkeiten-in-der-nahe-medjugorje\/","name":"Sehensw\u00fcrdigkeiten in der N\u00e4he Medjugorje - Angels Medugorje","isPartOf":{"@id":"https:\/\/www.angelsmedugorje.com\/#website"},"primaryImageOfPage":{"@id":"https:\/\/www.angelsmedugorje.com\/de\/sehenswurdigkeiten-in-der-nahe-medjugorje\/#primaryimage"},"image":{"@id":"https:\/\/www.angelsmedugorje.com\/de\/sehenswurdigkeiten-in-der-nahe-medjugorje\/#primaryimage"},"thumbnailUrl":"https:\/\/www.angelsmedugorje.com\/wp-content\/uploads\/angels-ps-01.jpg","datePublished":"2019-04-13T07:04:44+00:00","dateModified":"2019-04-13T07:04:45+00:00","breadcrumb":{"@id":"https:\/\/www.angelsmedugorje.com\/de\/sehenswurdigkeiten-in-der-nahe-medjugorje\/#breadcrumb"},"inLanguage":"de","potentialAction":[{"@type":"ReadAction","target":["https:\/\/www.angelsmedugorje.com\/de\/sehenswurdigkeiten-in-der-nahe-medjugorje\/"]}]},{"@type":"ImageObject","inLanguage":"de","@id":"https:\/\/www.angelsmedugorje.com\/de\/sehenswurdigkeiten-in-der-nahe-medjugorje\/#primaryimage","url":"https:\/\/www.angelsmedugorje.com\/wp-content\/uploads\/angels-ps-01.jpg","contentUrl":"https:\/\/www.angelsmedugorje.com\/wp-content\/uploads\/angels-ps-01.jpg","width":1920,"height":1278},{"@type":"BreadcrumbList","@id":"https:\/\/www.angelsmedugorje.com\/de\/sehenswurdigkeiten-in-der-nahe-medjugorje\/#breadcrumb","itemListElement":[{"@type":"ListItem","position":1,"name":"Home","item":"https:\/\/www.angelsmedugorje.com\/de\/"},{"@type":"ListItem","position":2,"name":"Sehensw\u00fcrdigkeiten in der N\u00e4he Medjugorje"}]},{"@type":"WebSite","@id":"https:\/\/www.angelsmedugorje.com\/#website","url":"https:\/\/www.angelsmedugorje.com\/","name":"Angels Medugorje","description":"Enjoy Your Stay in a beautiful location in the center of Medugorje","potentialAction":[{"@type":"SearchAction","target":{"@type":"EntryPoint","urlTemplate":"https:\/\/www.angelsmedugorje.com\/?s={search_term_string}"},"query-input":{"@type":"PropertyValueSpecification","valueRequired":true,"valueName":"search_term_string"}}],"inLanguage":"de"}]}},"_links":{"self":[{"href":"https:\/\/www.angelsmedugorje.com\/de\/wp-json\/wp\/v2\/pages\/397","targetHints":{"allow":["GET"]}}],"collection":[{"href":"https:\/\/www.angelsmedugorje.com\/de\/wp-json\/wp\/v2\/pages"}],"about":[{"href":"https:\/\/www.angelsmedugorje.com\/de\/wp-json\/wp\/v2\/types\/page"}],"author":[{"embeddable":true,"href":"https:\/\/www.angelsmedugorje.com\/de\/wp-json\/wp\/v2\/users\/1"}],"replies":[{"embeddable":true,"href":"https:\/\/www.angelsmedugorje.com\/de\/wp-json\/wp\/v2\/comments?post=397"}],"version-history":[{"count":1,"href":"https:\/\/www.angelsmedugorje.com\/de\/wp-json\/wp\/v2\/pages\/397\/revisions"}],"predecessor-version":[{"id":402,"href":"https:\/\/www.angelsmedugorje.com\/de\/wp-json\/wp\/v2\/pages\/397\/revisions\/402"}],"wp:featuredmedia":[{"embeddable":true,"href":"https:\/\/www.angelsmedugorje.com\/de\/wp-json\/wp\/v2\/media\/380"}],"wp:attachment":[{"href":"https:\/\/www.angelsmedugorje.com\/de\/wp-json\/wp\/v2\/media?parent=397"}],"curies":[{"name":"wp","href":"https:\/\/api.w.org\/{rel}","templated":true}]}}