{"id":340,"date":"2019-03-22T00:01:42","date_gmt":"2019-03-21T23:01:42","guid":{"rendered":"https:\/\/www.angelsmedugorje.com\/galerie\/"},"modified":"2019-04-03T08:01:23","modified_gmt":"2019-04-03T07:01:23","slug":"galerie","status":"publish","type":"page","link":"https:\/\/www.angelsmedugorje.com\/fr\/galerie\/","title":{"rendered":"Galerie"},"content":{"rendered":"<p>[et_pb_section fb_built=\u00a0\u00bb1&Prime; fullwidth=\u00a0\u00bbon\u00a0\u00bb disabled_on=\u00a0\u00bboff|on|on\u00a0\u00bb admin_label=\u00a0\u00bbHero Section\u00a0\u00bb _builder_version=\u00a0\u00bb3.20.2&Prime; background_color=\u00a0\u00bbrgba(255,255,255,0.7)\u00a0\u00bb animation_style=\u00a0\u00bbfade\u00a0\u00bb animation_direction=\u00a0\u00bbbottom\u00a0\u00bb animation_duration=\u00a0\u00bb1250ms\u00a0\u00bb][et_pb_fullwidth_header title=\u00a0\u00bbLes Anges de Medjugorje\u00a0\u00bb subhead=\u00a0\u00bbProfitez de votre s\u00e9jour dans un bel endroit au centre de Medjugorje.\u00a0\u00bb text_orientation=\u00a0\u00bbcenter\u00a0\u00bb header_fullscreen=\u00a0\u00bbon\u00a0\u00bb button_one_text=\u00a0\u00bbApprenez en plus\u00a0\u00bb button_one_url=\u00a0\u00bb#oNama\u00a0\u00bb background_overlay_color=\u00a0\u00bbrgba(0,0,0,0.42)\u00a0\u00bb content_max_width=\u00a0\u00bb50%\u00a0\u00bb title_font_color=\u00a0\u00bb#444235&Prime; subhead_font_color=\u00a0\u00bb#444235&Prime; content_max_width_tablet=\u00a0\u00bb78%\u00a0\u00bb content_max_width_phone=\u00a0\u00bb100%\u00a0\u00bb content_max_width_last_edited=\u00a0\u00bbon|phone\u00a0\u00bb disabled_on=\u00a0\u00bbon|off|off\u00a0\u00bb admin_label=\u00a0\u00bbHero\u00a0\u00bb _builder_version=\u00a0\u00bb3.20.2&Prime; title_font=\u00a0\u00bb|700|||||||\u00a0\u00bb title_text_align=\u00a0\u00bbcenter\u00a0\u00bb title_text_color=\u00a0\u00bb#ffffff\u00a0\u00bb title_font_size=\u00a0\u00bb80px\u00a0\u00bb title_font_size_phone=\u00a0\u00bb80px\u00a0\u00bb title_font_size_last_edited=\u00a0\u00bbon|phone\u00a0\u00bb title_line_height=\u00a0\u00bb1.3em\u00a0\u00bb title_text_shadow_style=\u00a0\u00bbpreset2&Prime; title_text_shadow_horizontal_length=\u00a0\u00bb0em\u00a0\u00bb title_text_shadow_vertical_length=\u00a0\u00bb0.06em\u00a0\u00bb title_text_shadow_color=\u00a0\u00bb#000000&Prime; content_font=\u00a0\u00bb||||||||\u00a0\u00bb subhead_font=\u00a0\u00bbOpen Sans||on||||||\u00a0\u00bb subhead_text_align=\u00a0\u00bbcenter\u00a0\u00bb subhead_text_color=\u00a0\u00bb#ffffff\u00a0\u00bb subhead_font_size=\u00a0\u00bb24px\u00a0\u00bb subhead_font_size_phone=\u00a0\u00bb15px\u00a0\u00bb subhead_font_size_last_edited=\u00a0\u00bbon|desktop\u00a0\u00bb subhead_letter_spacing=\u00a0\u00bb3px\u00a0\u00bb subhead_line_height=\u00a0\u00bb2em\u00a0\u00bb subhead_text_shadow_style=\u00a0\u00bbpreset1&Prime; subhead_text_shadow_color=\u00a0\u00bb#000000&Prime; background_image=\u00a0\u00bbhttps:\/\/www.angelsmedugorje.com\/wp-content\/uploads\/Slider-01.jpg\u00a0\u00bb background_position=\u00a0\u00bbcenter_left\u00a0\u00bb custom_button_one=\u00a0\u00bbon\u00a0\u00bb button_one_text_size=\u00a0\u00bb16px\u00a0\u00bb button_one_text_color=\u00a0\u00bb#ffffff\u00a0\u00bb button_one_border_width=\u00a0\u00bb1px\u00a0\u00bb button_one_border_color=\u00a0\u00bb#ffffff\u00a0\u00bb button_one_border_radius=\u00a0\u00bb5px\u00a0\u00bb button_one_letter_spacing=\u00a0\u00bb6px\u00a0\u00bb button_one_font=\u00a0\u00bb||||||||\u00a0\u00bb button_one_use_icon=\u00a0\u00bboff\u00a0\u00bb background_layout=\u00a0\u00bblight\u00a0\u00bb child_filter_saturate=\u00a0\u00bb0%\u00a0\u00bb animation_style=\u00a0\u00bbfade\u00a0\u00bb button_one_letter_spacing_hover=\u00a0\u00bb10px\u00a0\u00bb button_one_text_size__hover_enabled=\u00a0\u00bboff\u00a0\u00bb button_two_text_size__hover_enabled=\u00a0\u00bboff\u00a0\u00bb button_one_text_color__hover_enabled=\u00a0\u00bboff\u00a0\u00bb button_two_text_color__hover_enabled=\u00a0\u00bboff\u00a0\u00bb button_one_border_width__hover_enabled=\u00a0\u00bboff\u00a0\u00bb button_two_border_width__hover_enabled=\u00a0\u00bboff\u00a0\u00bb button_one_border_color__hover_enabled=\u00a0\u00bbon\u00a0\u00bb button_two_border_color__hover_enabled=\u00a0\u00bboff\u00a0\u00bb button_one_border_radius__hover_enabled=\u00a0\u00bboff\u00a0\u00bb button_two_border_radius__hover_enabled=\u00a0\u00bboff\u00a0\u00bb button_one_letter_spacing__hover_enabled=\u00a0\u00bbon\u00a0\u00bb button_one_letter_spacing__hover=\u00a0\u00bb7px\u00a0\u00bb button_two_letter_spacing__hover_enabled=\u00a0\u00bboff\u00a0\u00bb button_one_bg_color__hover_enabled=\u00a0\u00bbon\u00a0\u00bb button_two_bg_color__hover_enabled=\u00a0\u00bboff\u00a0\u00bb button_one_bg_color__hover=\u00a0\u00bb#00AFEF\u00a0\u00bb button_one_border_color__hover=\u00a0\u00bb#00AFEF\u00a0\u00bb][\/et_pb_fullwidth_header][\/et_pb_section][et_pb_section fb_built=\u00a0\u00bb1&Prime; admin_label=\u00a0\u00bbHeader\u00a0\u00bb _builder_version=\u00a0\u00bb3.20.2&Prime; use_background_color_gradient=\u00a0\u00bbon\u00a0\u00bb background_color_gradient_start=\u00a0\u00bbrgba(255,255,255,0.89)\u00a0\u00bb background_color_gradient_end=\u00a0\u00bbrgba(255,255,255,0.35)\u00a0\u00bb background_color_gradient_type=\u00a0\u00bbradial\u00a0\u00bb background_color_gradient_direction_radial=\u00a0\u00bbtop left\u00a0\u00bb background_color_gradient_start_position=\u00a0\u00bb30%\u00a0\u00bb background_color_gradient_overlays_image=\u00a0\u00bbon\u00a0\u00bb background_image=\u00a0\u00bbhttps:\/\/www.angelsmedugorje.com\/wp-content\/uploads\/Angels-Medugorje-BCG-02.jpg\u00a0\u00bb background_position=\u00a0\u00bbtop_center\u00a0\u00bb custom_padding=\u00a0\u00bb2vw|0px|42px|0px|false|false\u00a0\u00bb][et_pb_row _builder_version=\u00a0\u00bb3.13&Prime;][et_pb_column type=\u00a0\u00bb4_4&Prime; _builder_version=\u00a0\u00bb3.0.47&Prime;][et_pb_text _builder_version=\u00a0\u00bb3.20.2&Prime; text_font=\u00a0\u00bb||||||||\u00a0\u00bb header_font=\u00a0\u00bb|600|||||||\u00a0\u00bb header_text_color=\u00a0\u00bb#373435&Prime; header_font_size=\u00a0\u00bb80px\u00a0\u00bb header_font_size_tablet=\u00a0\u00bb48px\u00a0\u00bb header_font_size_phone=\u00a0\u00bb32px\u00a0\u00bb header_font_size_last_edited=\u00a0\u00bbon|phone\u00a0\u00bb header_line_height=\u00a0\u00bb1.2em\u00a0\u00bb header_5_font=\u00a0\u00bbRaleway|700||on|||||\u00a0\u00bb header_5_text_color=\u00a0\u00bb#373435&Prime; header_5_font_size=\u00a0\u00bb20px\u00a0\u00bb header_5_font_size_tablet=\u00a0\u00bb14px\u00a0\u00bb header_5_font_size_phone=\u00a0\u00bb12px\u00a0\u00bb header_5_font_size_last_edited=\u00a0\u00bbon|desktop\u00a0\u00bb header_5_letter_spacing=\u00a0\u00bb0.3em\u00a0\u00bb header_5_line_height=\u00a0\u00bb1.8em\u00a0\u00bb animation_style=\u00a0\u00bbfade\u00a0\u00bb animation_duration=\u00a0\u00bb1250ms\u00a0\u00bb]<\/p>\n<h5>Les Anges de Medjugorje<\/h5>\n<h1>Gallery<\/h1>\n<p>[\/et_pb_text][\/et_pb_column][\/et_pb_row][\/et_pb_section][et_pb_section fb_built=\u00a0\u00bb1&Prime; _builder_version=\u00a0\u00bb3.19.5&Prime;][et_pb_row custom_padding=\u00a0\u00bb31px|0px|65px|0px|false|false\u00a0\u00bb _builder_version=\u00a0\u00bb3.19.5&Prime;][et_pb_column type=\u00a0\u00bb4_4&Prime; _builder_version=\u00a0\u00bb3.19.5&Prime;][et_pb_text _builder_version=\u00a0\u00bb3.21&Prime; header_2_font=\u00a0\u00bbPlayfair Display||on||||||\u00a0\u00bb header_2_text_color=\u00a0\u00bb#00AFEF\u00a0\u00bb header_2_font_size=\u00a0\u00bb40px\u00a0\u00bb]<\/p>\n<h2>Ext\u00e9rieur de notre H\u00f4tel les \u00ab\u00a0Anges\u00a0\u00bb<\/h2>\n<p>[\/et_pb_text][et_pb_gallery gallery_ids=\u00a0\u00bb325,327,311,306,91,329,205,204&Prime; posts_number=\u00a0\u00bb8&Prime; show_title_and_caption=\u00a0\u00bboff\u00a0\u00bb show_pagination=\u00a0\u00bboff\u00a0\u00bb zoom_icon_color=\u00a0\u00bbrgba(0,0,0,0)\u00a0\u00bb hover_overlay_color=\u00a0\u00bbrgba(255,255,255,0.3)\u00a0\u00bb hover_icon=\u00a0\u00bb%%52%%\u00a0\u00bb _builder_version=\u00a0\u00bb3.21&Prime; title_font=\u00a0\u00bb||||||||\u00a0\u00bb caption_font=\u00a0\u00bb||||||||\u00a0\u00bb border_radii_image=\u00a0\u00bbon|3px|3px|3px|3px\u00a0\u00bb box_shadow_style_image=\u00a0\u00bbpreset1&Prime; custom_padding=\u00a0\u00bb30px||\u00a0\u00bb box_shadow_horizontal_image__hover=\u00a0\u00bb0px\u00a0\u00bb box_shadow_blur_image__hover=\u00a0\u00bb18px\u00a0\u00bb box_shadow_spread_image__hover=\u00a0\u00bb4px\u00a0\u00bb box_shadow_spread_image__hover_enabled=\u00a0\u00bbon\u00a0\u00bb][\/et_pb_gallery][\/et_pb_column][\/et_pb_row][et_pb_row custom_padding=\u00a0\u00bb31px|0px|65px|0px|false|false\u00a0\u00bb _builder_version=\u00a0\u00bb3.19.5&Prime;][et_pb_column type=\u00a0\u00bb4_4&Prime; _builder_version=\u00a0\u00bb3.19.5&Prime;][et_pb_text _builder_version=\u00a0\u00bb3.20.2&Prime; header_2_font=\u00a0\u00bbPlayfair Display||on||||||\u00a0\u00bb header_2_text_color=\u00a0\u00bb#00AFEF\u00a0\u00bb header_2_font_size=\u00a0\u00bb40px\u00a0\u00bb]<\/p>\n<h2>Int\u00e9rieur de notre h\u00f4tel les \u00ab\u00a0Anges\u00a0\u00bb &amp; le Restaurant<\/h2>\n<p>[\/et_pb_text][et_pb_gallery gallery_ids=\u00a0\u00bb96,97,99,203,202,201,95,358,355&Prime; posts_number=\u00a0\u00bb9&Prime; show_title_and_caption=\u00a0\u00bboff\u00a0\u00bb show_pagination=\u00a0\u00bboff\u00a0\u00bb zoom_icon_color=\u00a0\u00bbrgba(0,0,0,0)\u00a0\u00bb hover_overlay_color=\u00a0\u00bbrgba(255,255,255,0.3)\u00a0\u00bb hover_icon=\u00a0\u00bb%%52%%\u00a0\u00bb _builder_version=\u00a0\u00bb3.21&Prime; title_font=\u00a0\u00bb||||||||\u00a0\u00bb caption_font=\u00a0\u00bb||||||||\u00a0\u00bb border_radii_image=\u00a0\u00bbon|3px|3px|3px|3px\u00a0\u00bb box_shadow_style_image=\u00a0\u00bbpreset1&Prime; custom_padding=\u00a0\u00bb30px||\u00a0\u00bb box_shadow_horizontal_image__hover=\u00a0\u00bb0px\u00a0\u00bb box_shadow_blur_image__hover=\u00a0\u00bb18px\u00a0\u00bb box_shadow_spread_image__hover=\u00a0\u00bb4px\u00a0\u00bb box_shadow_spread_image__hover_enabled=\u00a0\u00bbon\u00a0\u00bb][\/et_pb_gallery][\/et_pb_column][\/et_pb_row][et_pb_row custom_padding=\u00a0\u00bb31px|0px|0|0px|false|false\u00a0\u00bb _builder_version=\u00a0\u00bb3.19.5&Prime;][et_pb_column type=\u00a0\u00bb4_4&Prime; _builder_version=\u00a0\u00bb3.19.5&Prime;][et_pb_text _builder_version=\u00a0\u00bb3.20.2&Prime; header_2_font=\u00a0\u00bbPlayfair Display||on||||||\u00a0\u00bb header_2_text_color=\u00a0\u00bb#00AFEF\u00a0\u00bb header_2_font_size=\u00a0\u00bb40px\u00a0\u00bb]<\/p>\n<h2>Chambres<\/h2>\n<p>[\/et_pb_text][et_pb_gallery gallery_ids=\u00a0\u00bb103,106,104,105&Prime; posts_number=\u00a0\u00bb5&Prime; show_title_and_caption=\u00a0\u00bboff\u00a0\u00bb show_pagination=\u00a0\u00bboff\u00a0\u00bb zoom_icon_color=\u00a0\u00bbrgba(0,0,0,0)\u00a0\u00bb hover_overlay_color=\u00a0\u00bbrgba(255,255,255,0.3)\u00a0\u00bb hover_icon=\u00a0\u00bb%%52%%\u00a0\u00bb _builder_version=\u00a0\u00bb3.20.2&Prime; title_font=\u00a0\u00bb||||||||\u00a0\u00bb caption_font=\u00a0\u00bb||||||||\u00a0\u00bb border_radii_image=\u00a0\u00bbon|3px|3px|3px|3px\u00a0\u00bb box_shadow_style_image=\u00a0\u00bbpreset1&Prime; custom_padding=\u00a0\u00bb30px||\u00a0\u00bb box_shadow_horizontal_image__hover=\u00a0\u00bb0px\u00a0\u00bb box_shadow_blur_image__hover=\u00a0\u00bb18px\u00a0\u00bb box_shadow_spread_image__hover=\u00a0\u00bb4px\u00a0\u00bb box_shadow_spread_image__hover_enabled=\u00a0\u00bbon\u00a0\u00bb][\/et_pb_gallery][\/et_pb_column][\/et_pb_row][\/et_pb_section]<\/p>\n","protected":false},"excerpt":{"rendered":"<p>Les Anges de Medjugorje GalleryExt\u00e9rieur de notre H\u00f4tel les \u00ab\u00a0Anges\u00a0\u00bbInt\u00e9rieur de notre h\u00f4tel les \u00ab\u00a0Anges\u00a0\u00bb &amp; le RestaurantChambres<\/p>\n","protected":false},"author":1,"featured_media":0,"parent":0,"menu_order":0,"comment_status":"closed","ping_status":"closed","template":"","meta":{"_et_pb_use_builder":"on","_et_pb_old_content":"","_et_gb_content_width":"","footnotes":""},"class_list":["post-340","page","type-page","status-publish","hentry"],"yoast_head":"<!-- This site is optimized with the Yoast SEO plugin v27.4 - https:\/\/yoast.com\/product\/yoast-seo-wordpress\/ -->\n<title>Galerie - Angels Medugorje<\/title>\n<meta name=\"robots\" content=\"index, follow, max-snippet:-1, max-image-preview:large, max-video-preview:-1\" \/>\n<link rel=\"canonical\" href=\"https:\/\/www.angelsmedugorje.com\/fr\/galerie\/\" \/>\n<meta property=\"og:locale\" content=\"fr_FR\" \/>\n<meta property=\"og:type\" content=\"article\" \/>\n<meta property=\"og:title\" content=\"Galerie - Angels Medugorje\" \/>\n<meta property=\"og:description\" content=\"Les Anges de Medjugorje GalleryExt\u00e9rieur de notre H\u00f4tel les &quot;Anges&quot;Int\u00e9rieur de notre h\u00f4tel les &quot;Anges&quot; &amp; le RestaurantChambres\" \/>\n<meta property=\"og:url\" content=\"https:\/\/www.angelsmedugorje.com\/fr\/galerie\/\" \/>\n<meta property=\"og:site_name\" content=\"Angels Medugorje\" \/>\n<meta property=\"article:modified_time\" content=\"2019-04-03T07:01:23+00:00\" \/>\n<meta name=\"twitter:card\" content=\"summary_large_image\" \/>\n<meta name=\"twitter:label1\" content=\"Dur\u00e9e de lecture estim\u00e9e\" \/>\n\t<meta name=\"twitter:data1\" content=\"5 minutes\" \/>\n<script type=\"application\/ld+json\" class=\"yoast-schema-graph\">{\"@context\":\"https:\\\/\\\/schema.org\",\"@graph\":[{\"@type\":\"WebPage\",\"@id\":\"https:\\\/\\\/www.angelsmedugorje.com\\\/fr\\\/galerie\\\/\",\"url\":\"https:\\\/\\\/www.angelsmedugorje.com\\\/fr\\\/galerie\\\/\",\"name\":\"Galerie - Angels Medugorje\",\"isPartOf\":{\"@id\":\"https:\\\/\\\/www.angelsmedugorje.com\\\/#website\"},\"datePublished\":\"2019-03-21T23:01:42+00:00\",\"dateModified\":\"2019-04-03T07:01:23+00:00\",\"breadcrumb\":{\"@id\":\"https:\\\/\\\/www.angelsmedugorje.com\\\/fr\\\/galerie\\\/#breadcrumb\"},\"inLanguage\":\"fr-FR\",\"potentialAction\":[{\"@type\":\"ReadAction\",\"target\":[\"https:\\\/\\\/www.angelsmedugorje.com\\\/fr\\\/galerie\\\/\"]}]},{\"@type\":\"BreadcrumbList\",\"@id\":\"https:\\\/\\\/www.angelsmedugorje.com\\\/fr\\\/galerie\\\/#breadcrumb\",\"itemListElement\":[{\"@type\":\"ListItem\",\"position\":1,\"name\":\"Home\",\"item\":\"https:\\\/\\\/www.angelsmedugorje.com\\\/fr\\\/\"},{\"@type\":\"ListItem\",\"position\":2,\"name\":\"Galerie\"}]},{\"@type\":\"WebSite\",\"@id\":\"https:\\\/\\\/www.angelsmedugorje.com\\\/#website\",\"url\":\"https:\\\/\\\/www.angelsmedugorje.com\\\/\",\"name\":\"Angels Medugorje\",\"description\":\"Enjoy Your Stay in a beautiful location in the center of Medugorje\",\"potentialAction\":[{\"@type\":\"SearchAction\",\"target\":{\"@type\":\"EntryPoint\",\"urlTemplate\":\"https:\\\/\\\/www.angelsmedugorje.com\\\/?s={search_term_string}\"},\"query-input\":{\"@type\":\"PropertyValueSpecification\",\"valueRequired\":true,\"valueName\":\"search_term_string\"}}],\"inLanguage\":\"fr-FR\"}]}<\/script>\n<!-- \/ Yoast SEO plugin. -->","yoast_head_json":{"title":"Galerie - Angels Medugorje","robots":{"index":"index","follow":"follow","max-snippet":"max-snippet:-1","max-image-preview":"max-image-preview:large","max-video-preview":"max-video-preview:-1"},"canonical":"https:\/\/www.angelsmedugorje.com\/fr\/galerie\/","og_locale":"fr_FR","og_type":"article","og_title":"Galerie - Angels Medugorje","og_description":"Les Anges de Medjugorje GalleryExt\u00e9rieur de notre H\u00f4tel les \"Anges\"Int\u00e9rieur de notre h\u00f4tel les \"Anges\" &amp; le RestaurantChambres","og_url":"https:\/\/www.angelsmedugorje.com\/fr\/galerie\/","og_site_name":"Angels Medugorje","article_modified_time":"2019-04-03T07:01:23+00:00","twitter_card":"summary_large_image","twitter_misc":{"Dur\u00e9e de lecture estim\u00e9e":"5 minutes"},"schema":{"@context":"https:\/\/schema.org","@graph":[{"@type":"WebPage","@id":"https:\/\/www.angelsmedugorje.com\/fr\/galerie\/","url":"https:\/\/www.angelsmedugorje.com\/fr\/galerie\/","name":"Galerie - Angels Medugorje","isPartOf":{"@id":"https:\/\/www.angelsmedugorje.com\/#website"},"datePublished":"2019-03-21T23:01:42+00:00","dateModified":"2019-04-03T07:01:23+00:00","breadcrumb":{"@id":"https:\/\/www.angelsmedugorje.com\/fr\/galerie\/#breadcrumb"},"inLanguage":"fr-FR","potentialAction":[{"@type":"ReadAction","target":["https:\/\/www.angelsmedugorje.com\/fr\/galerie\/"]}]},{"@type":"BreadcrumbList","@id":"https:\/\/www.angelsmedugorje.com\/fr\/galerie\/#breadcrumb","itemListElement":[{"@type":"ListItem","position":1,"name":"Home","item":"https:\/\/www.angelsmedugorje.com\/fr\/"},{"@type":"ListItem","position":2,"name":"Galerie"}]},{"@type":"WebSite","@id":"https:\/\/www.angelsmedugorje.com\/#website","url":"https:\/\/www.angelsmedugorje.com\/","name":"Angels Medugorje","description":"Enjoy Your Stay in a beautiful location in the center of Medugorje","potentialAction":[{"@type":"SearchAction","target":{"@type":"EntryPoint","urlTemplate":"https:\/\/www.angelsmedugorje.com\/?s={search_term_string}"},"query-input":{"@type":"PropertyValueSpecification","valueRequired":true,"valueName":"search_term_string"}}],"inLanguage":"fr-FR"}]}},"_links":{"self":[{"href":"https:\/\/www.angelsmedugorje.com\/fr\/wp-json\/wp\/v2\/pages\/340","targetHints":{"allow":["GET"]}}],"collection":[{"href":"https:\/\/www.angelsmedugorje.com\/fr\/wp-json\/wp\/v2\/pages"}],"about":[{"href":"https:\/\/www.angelsmedugorje.com\/fr\/wp-json\/wp\/v2\/types\/page"}],"author":[{"embeddable":true,"href":"https:\/\/www.angelsmedugorje.com\/fr\/wp-json\/wp\/v2\/users\/1"}],"replies":[{"embeddable":true,"href":"https:\/\/www.angelsmedugorje.com\/fr\/wp-json\/wp\/v2\/comments?post=340"}],"version-history":[{"count":2,"href":"https:\/\/www.angelsmedugorje.com\/fr\/wp-json\/wp\/v2\/pages\/340\/revisions"}],"predecessor-version":[{"id":364,"href":"https:\/\/www.angelsmedugorje.com\/fr\/wp-json\/wp\/v2\/pages\/340\/revisions\/364"}],"wp:attachment":[{"href":"https:\/\/www.angelsmedugorje.com\/fr\/wp-json\/wp\/v2\/media?parent=340"}],"curies":[{"name":"wp","href":"https:\/\/api.w.org\/{rel}","templated":true}]}}