{"id":497,"date":"2020-03-01T23:02:18","date_gmt":"2020-03-01T22:02:18","guid":{"rendered":"https:\/\/www.angelsmedugorje.com\/znamenitosti-u-medugorju\/"},"modified":"2020-03-01T23:02:18","modified_gmt":"2020-03-01T22:02:18","slug":"znamenitosti-u-medugorju","status":"publish","type":"page","link":"https:\/\/www.angelsmedugorje.com\/hr\/znamenitosti-u-medugorju\/","title":{"rendered":"Znamenitosti u Me\u0111ugorju"},"content":{"rendered":"<p>[et_pb_section fb_built=&#8221;1&#8243; fullwidth=&#8221;on&#8221; disabled_on=&#8221;off|on|on&#8221; admin_label=&#8221;Hero Section&#8221; _builder_version=&#8221;3.20.2&#8243; background_color=&#8221;rgba(255,255,255,0.7)&#8221; animation_style=&#8221;fade&#8221; animation_direction=&#8221;bottom&#8221; animation_duration=&#8221;1250ms&#8221;][et_pb_fullwidth_header title=&#8221;Hotel Angels&#8221; subhead=&#8221;U\u017eivajte u boravku na prekrasnom mjestu u sredi\u0161tu Me\u0111ugorja.&#8221; text_orientation=&#8221;center&#8221; header_fullscreen=&#8221;on&#8221; button_one_text=&#8221;Saznajte vi\u0161e&#8221; button_one_url=&#8221;#oNama&#8221; background_overlay_color=&#8221;rgba(0,0,0,0.42)&#8221; content_max_width=&#8221;50%&#8221; title_font_color=&#8221;#444235&#8243; subhead_font_color=&#8221;#444235&#8243; content_max_width_tablet=&#8221;78%&#8221; content_max_width_phone=&#8221;100%&#8221; content_max_width_last_edited=&#8221;on|phone&#8221; disabled_on=&#8221;on|off|off&#8221; admin_label=&#8221;Hero&#8221; _builder_version=&#8221;3.20.2&#8243; title_font=&#8221;|700|||||||&#8221; title_text_align=&#8221;center&#8221; title_text_color=&#8221;#ffffff&#8221; title_font_size=&#8221;80px&#8221; title_font_size_phone=&#8221;80px&#8221; title_font_size_last_edited=&#8221;on|phone&#8221; title_line_height=&#8221;1.3em&#8221; title_text_shadow_style=&#8221;preset2&#8243; title_text_shadow_horizontal_length=&#8221;0em&#8221; title_text_shadow_vertical_length=&#8221;0.06em&#8221; title_text_shadow_color=&#8221;#000000&#8243; content_font=&#8221;||||||||&#8221; subhead_font=&#8221;Open Sans||on||||||&#8221; subhead_text_align=&#8221;center&#8221; subhead_text_color=&#8221;#ffffff&#8221; subhead_font_size=&#8221;24px&#8221; subhead_font_size_phone=&#8221;15px&#8221; subhead_font_size_last_edited=&#8221;on|desktop&#8221; subhead_letter_spacing=&#8221;3px&#8221; subhead_line_height=&#8221;2em&#8221; subhead_text_shadow_style=&#8221;preset1&#8243; subhead_text_shadow_color=&#8221;#000000&#8243; background_image=&#8221;https:\/\/www.angelsmedugorje.com\/wp-content\/uploads\/Slider-01.jpg&#8221; background_position=&#8221;center_left&#8221; custom_button_one=&#8221;on&#8221; button_one_text_size=&#8221;16px&#8221; button_one_text_color=&#8221;#ffffff&#8221; button_one_border_width=&#8221;1px&#8221; button_one_border_color=&#8221;#ffffff&#8221; button_one_border_radius=&#8221;5px&#8221; button_one_letter_spacing=&#8221;6px&#8221; button_one_font=&#8221;||||||||&#8221; button_one_use_icon=&#8221;off&#8221; background_layout=&#8221;light&#8221; child_filter_saturate=&#8221;0%&#8221; animation_style=&#8221;fade&#8221; button_one_letter_spacing_hover=&#8221;10px&#8221; button_one_text_size__hover_enabled=&#8221;off&#8221; button_two_text_size__hover_enabled=&#8221;off&#8221; button_one_text_color__hover_enabled=&#8221;off&#8221; button_two_text_color__hover_enabled=&#8221;off&#8221; button_one_border_width__hover_enabled=&#8221;off&#8221; button_two_border_width__hover_enabled=&#8221;off&#8221; button_one_border_color__hover_enabled=&#8221;on&#8221; button_two_border_color__hover_enabled=&#8221;off&#8221; button_one_border_radius__hover_enabled=&#8221;off&#8221; button_two_border_radius__hover_enabled=&#8221;off&#8221; button_one_letter_spacing__hover_enabled=&#8221;on&#8221; button_one_letter_spacing__hover=&#8221;7px&#8221; button_two_letter_spacing__hover_enabled=&#8221;off&#8221; button_one_bg_color__hover_enabled=&#8221;on&#8221; button_two_bg_color__hover_enabled=&#8221;off&#8221; button_one_bg_color__hover=&#8221;#00AFEF&#8221; button_one_border_color__hover=&#8221;#00AFEF&#8221;][\/et_pb_fullwidth_header][\/et_pb_section][et_pb_section fb_built=&#8221;1&#8243; admin_label=&#8221;Header&#8221; _builder_version=&#8221;3.20.2&#8243; use_background_color_gradient=&#8221;on&#8221; background_color_gradient_start=&#8221;rgba(255,255,255,0.89)&#8221; background_color_gradient_end=&#8221;rgba(255,255,255,0.35)&#8221; background_color_gradient_type=&#8221;radial&#8221; background_color_gradient_direction_radial=&#8221;top left&#8221; background_color_gradient_start_position=&#8221;30%&#8221; background_color_gradient_overlays_image=&#8221;on&#8221; background_image=&#8221;https:\/\/www.angelsmedugorje.com\/wp-content\/uploads\/Angels-Medugorje-BCG-02.jpg&#8221; background_position=&#8221;top_center&#8221; custom_padding=&#8221;2vw|0px|42px|0px|false|false&#8221;][et_pb_row _builder_version=&#8221;3.13&#8243;][et_pb_column type=&#8221;4_4&#8243; _builder_version=&#8221;3.0.47&#8243;][et_pb_text _builder_version=&#8221;3.20.2&#8243; text_font=&#8221;||||||||&#8221; header_font=&#8221;|600|||||||&#8221; header_text_color=&#8221;#373435&#8243; header_font_size=&#8221;80px&#8221; header_font_size_tablet=&#8221;48px&#8221; header_font_size_phone=&#8221;32px&#8221; header_font_size_last_edited=&#8221;on|phone&#8221; header_line_height=&#8221;1.2em&#8221; header_5_font=&#8221;Raleway|700||on|||||&#8221; header_5_text_color=&#8221;#373435&#8243; header_5_font_size=&#8221;20px&#8221; header_5_font_size_tablet=&#8221;14px&#8221; header_5_font_size_phone=&#8221;12px&#8221; header_5_font_size_last_edited=&#8221;on|desktop&#8221; header_5_letter_spacing=&#8221;0.3em&#8221; header_5_line_height=&#8221;1.8em&#8221; animation_style=&#8221;fade&#8221; animation_duration=&#8221;1250ms&#8221;]<\/p>\n<h5>Angels Medugorje<\/h5>\n<h1>Znamenitosti u Me\u0111ugorju<\/h1>\n<p>[\/et_pb_text][\/et_pb_column][\/et_pb_row][\/et_pb_section][et_pb_section fb_built=&#8221;1&#8243; custom_padding_last_edited=&#8221;on|tablet&#8221; admin_label=&#8221;Packages&#8221; _builder_version=&#8221;3.0.76&#8243; custom_padding=&#8221;30px||30px||true|false&#8221; custom_padding_tablet=&#8221;0px||0px|&#8221;][et_pb_row use_custom_gutter=&#8221;on&#8221; gutter_width=&#8221;3&#8243; custom_padding=&#8221;55px|0px|65px|0px|false|false&#8221; admin_label=&#8221;Package&#8221; _builder_version=&#8221;3.20.2&#8243; background_size=&#8221;initial&#8221; background_position=&#8221;top_left&#8221; background_repeat=&#8221;repeat&#8221; animation_style=&#8221;fade&#8221; animation_duration=&#8221;1250ms&#8221;][et_pb_column type=&#8221;1_2&#8243; _builder_version=&#8221;3.0.47&#8243;][et_pb_image src=&#8221;https:\/\/www.angelsmedugorje.com\/wp-content\/uploads\/Medj-crkva.jpg&#8221; align=&#8221;center&#8221; _builder_version=&#8221;3.20.2&#8243; box_shadow_style=&#8221;preset1&#8243; box_shadow_spread=&#8221;1px&#8221; custom_padding=&#8221;35px||&#8221; animation_style=&#8221;fade&#8221; animation_duration=&#8221;1250ms&#8221;][\/et_pb_image][\/et_pb_column][et_pb_column type=&#8221;1_2&#8243; _builder_version=&#8221;3.0.47&#8243;][et_pb_text admin_label=&#8221;Title&#8221; _builder_version=&#8221;3.20.2&#8243; text_font=&#8221;|600|||||||&#8221; header_font=&#8221;|600||on|||||&#8221; header_text_align=&#8221;left&#8221; header_text_color=&#8221;#00AFEF&#8221; header_font_size=&#8221;40px&#8221; header_letter_spacing=&#8221;2px&#8221; header_line_height=&#8221;1.5em&#8221; header_2_font=&#8221;||||||||&#8221; header_3_font=&#8221;||||||||&#8221; header_4_font=&#8221;||||||||&#8221; header_5_font=&#8221;||||||||&#8221; header_6_font=&#8221;||||||||&#8221; background_size=&#8221;initial&#8221; background_position=&#8221;top_left&#8221; background_repeat=&#8221;repeat&#8221; text_orientation=&#8221;center&#8221; module_alignment=&#8221;left&#8221; custom_margin=&#8221;||15px|&#8221; animation_style=&#8221;fade&#8221; animation_duration=&#8221;1250ms&#8221; locked=&#8221;off&#8221;]<\/p>\n<h1>Crkva sv. Jakova<\/h1>\n<p>[\/et_pb_text][et_pb_text admin_label=&#8221;Description&#8221; _builder_version=&#8221;3.20.2&#8243; text_font=&#8221;||||||||&#8221; text_font_size=&#8221;16px&#8221; text_line_height=&#8221;2.2em&#8221; background_size=&#8221;initial&#8221; background_position=&#8221;top_left&#8221; background_repeat=&#8221;repeat&#8221; animation_style=&#8221;fade&#8221; animation_duration=&#8221;1250ms&#8221;]<\/p>\n<p>Crkva Svetog Jakova simbol je i srce \u017eupe Me\u0111ugorje. Ova svjetski poznata crkva s dva tornja gra\u0111ena je od 1934. do 1969. godine, a smje\u0161tena je u sredi\u0161tu Me\u0111ugorja. Ujedno je i sredi\u0161te liturgijskog \u017eivota \u017eupe, a izvorne veli\u010dine nikad nisu mijenjane. Na samom ulazu u crkveni prostor nalazi se prekrasan kip Gospe, Kraljice mira. Kip predstavlja Gospu kako pozdravlja svu njezinu djecu i u \u017eelji da svaku od njih primi za ruku i odnese je u njeno Srce, Njezin Sin.<\/p>\n<p>[\/et_pb_text][\/et_pb_column][\/et_pb_row][et_pb_row use_custom_gutter=&#8221;on&#8221; gutter_width=&#8221;3&#8243; custom_padding=&#8221;55px|0px|65px|0px|false|false&#8221; admin_label=&#8221;Package&#8221; _builder_version=&#8221;3.20.2&#8243; background_size=&#8221;initial&#8221; background_position=&#8221;top_left&#8221; background_repeat=&#8221;repeat&#8221; animation_style=&#8221;fade&#8221; animation_duration=&#8221;1250ms&#8221;][et_pb_column type=&#8221;1_2&#8243; _builder_version=&#8221;3.0.47&#8243;][et_pb_image src=&#8221;https:\/\/www.angelsmedugorje.com\/wp-content\/uploads\/Apperation-Hill.jpg&#8221; align=&#8221;center&#8221; _builder_version=&#8221;3.20.2&#8243; box_shadow_style=&#8221;preset1&#8243; box_shadow_spread=&#8221;1px&#8221; custom_padding=&#8221;35px||&#8221; animation_style=&#8221;fade&#8221; animation_duration=&#8221;1250ms&#8221;][\/et_pb_image][\/et_pb_column][et_pb_column type=&#8221;1_2&#8243; _builder_version=&#8221;3.0.47&#8243;][et_pb_text admin_label=&#8221;Title&#8221; _builder_version=&#8221;3.20.2&#8243; text_font=&#8221;|600|||||||&#8221; header_font=&#8221;|600||on|||||&#8221; header_text_align=&#8221;left&#8221; header_text_color=&#8221;#00AFEF&#8221; header_font_size=&#8221;40px&#8221; header_letter_spacing=&#8221;2px&#8221; header_line_height=&#8221;1.5em&#8221; header_2_font=&#8221;||||||||&#8221; header_3_font=&#8221;||||||||&#8221; header_4_font=&#8221;||||||||&#8221; header_5_font=&#8221;||||||||&#8221; header_6_font=&#8221;||||||||&#8221; background_size=&#8221;initial&#8221; background_position=&#8221;top_left&#8221; background_repeat=&#8221;repeat&#8221; text_orientation=&#8221;center&#8221; module_alignment=&#8221;left&#8221; custom_margin=&#8221;||15px|&#8221; animation_style=&#8221;fade&#8221; animation_duration=&#8221;1250ms&#8221; locked=&#8221;off&#8221;]<\/p>\n<h1>Brdo ukazanja<\/h1>\n<p>[\/et_pb_text][et_pb_text admin_label=&#8221;Description&#8221; _builder_version=&#8221;3.20.2&#8243; text_font=&#8221;||||||||&#8221; text_font_size=&#8221;16px&#8221; text_line_height=&#8221;2.2em&#8221; background_size=&#8221;initial&#8221; background_position=&#8221;top_left&#8221; background_repeat=&#8221;repeat&#8221; animation_style=&#8221;fade&#8221; animation_duration=&#8221;1250ms&#8221;]<\/p>\n<p>Pomolite se radosnim otajstvima do Gospinog Kipa, podsje\u0107aju\u0107i se na mjesto na kojem se ona ukazala. Podbrdo je mjesto po\u010detka doga\u0111aja u Me\u0111ugorju. Upravo se na ovom brdu Gospa prvi put ukazala djeci davne 1981. Nakon toga su milijuni hodo\u010dasnika na poseban na\u010din susreli Gospu koja se uspinjala na ovo brdo. Jo\u0161 od prvih dana ukazanja, brdo je poznato kao Brdo ukazanja. Uz strmu, stjenovitu stazu, koja vodi od ku\u0107a dalje prema brdu, nalazi se 15 bron\u010danih reljefa koji predstavljaju radosna, tu\u017ena i slavna otajstva krunice.<\/p>\n<p>[\/et_pb_text][\/et_pb_column][\/et_pb_row][et_pb_row use_custom_gutter=&#8221;on&#8221; gutter_width=&#8221;3&#8243; custom_padding=&#8221;55px|0px|65px|0px|false|false&#8221; admin_label=&#8221;Package&#8221; _builder_version=&#8221;3.20.2&#8243; background_size=&#8221;initial&#8221; background_position=&#8221;top_left&#8221; background_repeat=&#8221;repeat&#8221; animation_style=&#8221;fade&#8221; animation_duration=&#8221;1250ms&#8221;][et_pb_column type=&#8221;1_2&#8243; _builder_version=&#8221;3.0.47&#8243;][et_pb_image src=&#8221;https:\/\/www.angelsmedugorje.com\/wp-content\/uploads\/Cross-Mountain-Krizevac.jpg&#8221; align=&#8221;center&#8221; _builder_version=&#8221;3.20.2&#8243; box_shadow_style=&#8221;preset1&#8243; box_shadow_spread=&#8221;1px&#8221; custom_padding=&#8221;35px||&#8221; animation_style=&#8221;fade&#8221; animation_duration=&#8221;1250ms&#8221;][\/et_pb_image][\/et_pb_column][et_pb_column type=&#8221;1_2&#8243; _builder_version=&#8221;3.0.47&#8243;][et_pb_text admin_label=&#8221;Title&#8221; _builder_version=&#8221;3.20.2&#8243; text_font=&#8221;|600|||||||&#8221; header_font=&#8221;|600||on|||||&#8221; header_text_align=&#8221;left&#8221; header_text_color=&#8221;#00AFEF&#8221; header_font_size=&#8221;40px&#8221; header_letter_spacing=&#8221;2px&#8221; header_line_height=&#8221;1.5em&#8221; header_2_font=&#8221;||||||||&#8221; header_3_font=&#8221;||||||||&#8221; header_4_font=&#8221;||||||||&#8221; header_5_font=&#8221;||||||||&#8221; header_6_font=&#8221;||||||||&#8221; background_size=&#8221;initial&#8221; background_position=&#8221;top_left&#8221; background_repeat=&#8221;repeat&#8221; text_orientation=&#8221;center&#8221; module_alignment=&#8221;left&#8221; custom_margin=&#8221;||15px|&#8221; animation_style=&#8221;fade&#8221; animation_duration=&#8221;1250ms&#8221; locked=&#8221;off&#8221;]<\/p>\n<h1>Kri\u017eevac<\/h1>\n<p>[\/et_pb_text][et_pb_text admin_label=&#8221;Description&#8221; _builder_version=&#8221;3.20.2&#8243; text_font=&#8221;||||||||&#8221; text_font_size=&#8221;16px&#8221; text_line_height=&#8221;2.2em&#8221; background_size=&#8221;initial&#8221; background_position=&#8221;top_left&#8221; background_repeat=&#8221;repeat&#8221; animation_style=&#8221;fade&#8221; animation_duration=&#8221;1250ms&#8221;]<\/p>\n<p>Pomolite se radosnim otajstvima do Gospinog Kipa, podsje\u0107aju\u0107i se na mjesto na kojem se ona ukazala. Podbrdo je mjesto po\u010detka doga\u0111aja u Me\u0111ugorju. Upravo se na ovom brdu Gospa prvi put ukazala djeci davne 1981. Nakon toga su milijuni hodo\u010dasnika na poseban na\u010din susreli Gospu koja se uspinjala na ovo brdo. Jo\u0161 od prvih dana ukazanja, brdo je poznato kao Brdo ukazanja. Uz strmu, stjenovitu stazu, koja vodi od ku\u0107a dalje prema brdu, nalazi se 15 bron\u010danih reljefa koji predstavljaju radosna, tu\u017ena i slavna otajstva krunice.<\/p>\n<p>[\/et_pb_text][\/et_pb_column][\/et_pb_row][et_pb_row use_custom_gutter=&#8221;on&#8221; gutter_width=&#8221;3&#8243; custom_padding=&#8221;55px|0px|65px|0px|false|false&#8221; admin_label=&#8221;Package&#8221; _builder_version=&#8221;3.20.2&#8243; background_size=&#8221;initial&#8221; background_position=&#8221;top_left&#8221; background_repeat=&#8221;repeat&#8221; animation_style=&#8221;fade&#8221; animation_duration=&#8221;1250ms&#8221;][et_pb_column type=&#8221;1_2&#8243; _builder_version=&#8221;3.0.47&#8243;][et_pb_image src=&#8221;https:\/\/www.angelsmedugorje.com\/wp-content\/uploads\/Blue-Cross.jpg&#8221; align=&#8221;center&#8221; _builder_version=&#8221;3.20.2&#8243; box_shadow_style=&#8221;preset1&#8243; box_shadow_spread=&#8221;1px&#8221; custom_padding=&#8221;35px||&#8221; animation_style=&#8221;fade&#8221; animation_duration=&#8221;1250ms&#8221;][\/et_pb_image][\/et_pb_column][et_pb_column type=&#8221;1_2&#8243; _builder_version=&#8221;3.0.47&#8243;][et_pb_text admin_label=&#8221;Title&#8221; _builder_version=&#8221;3.20.2&#8243; text_font=&#8221;|600|||||||&#8221; header_font=&#8221;|600||on|||||&#8221; header_text_align=&#8221;left&#8221; header_text_color=&#8221;#00AFEF&#8221; header_font_size=&#8221;40px&#8221; header_letter_spacing=&#8221;2px&#8221; header_line_height=&#8221;1.5em&#8221; header_2_font=&#8221;||||||||&#8221; header_3_font=&#8221;||||||||&#8221; header_4_font=&#8221;||||||||&#8221; header_5_font=&#8221;||||||||&#8221; header_6_font=&#8221;||||||||&#8221; background_size=&#8221;initial&#8221; background_position=&#8221;top_left&#8221; background_repeat=&#8221;repeat&#8221; text_orientation=&#8221;center&#8221; module_alignment=&#8221;left&#8221; custom_margin=&#8221;||15px|&#8221; animation_style=&#8221;fade&#8221; animation_duration=&#8221;1250ms&#8221; locked=&#8221;off&#8221;]<\/p>\n<h1>Plavi Kri\u017e<\/h1>\n<p>[\/et_pb_text][et_pb_text admin_label=&#8221;Description&#8221; _builder_version=&#8221;3.20.2&#8243; text_font=&#8221;||||||||&#8221; text_font_size=&#8221;16px&#8221; text_line_height=&#8221;2.2em&#8221; background_size=&#8221;initial&#8221; background_position=&#8221;top_left&#8221; background_repeat=&#8221;repeat&#8221; animation_style=&#8221;fade&#8221; animation_duration=&#8221;1250ms&#8221;]<\/p>\n<p>Plavi kri\u017e posebno je mjesto u podno\u017eju brda ukazanja, gdje se Gospa ukazala djeci kada su se skrivali od &#8220;milicije&#8221;. Ovdje se Gospa jo\u0161 uvijek ukazuje vidjelici Mirjani pri mjese\u010dnom ukazanju (svakog drugog u mjesecu), a ponekad i vidjeocu Ivanu kada ima sastanak sa svojom molitvenom skupinom, a nekada su u tim prilikama svi hodo\u010dasnici pozvani da budu prisutni na ukazanju. Plavi kri\u017e je lagan uspon i jako posebno mjesto za sve one koji se ne mogu popeti na Brdo ukazanja, ali jo\u0161 uvijek \u017eele biti dio njega.<\/p>\n<p>[\/et_pb_text][\/et_pb_column][\/et_pb_row][\/et_pb_section]<\/p>\n","protected":false},"excerpt":{"rendered":"<p>Angels Medugorje Znamenitosti u Me\u0111ugorjuCrkva sv. JakovaCrkva Svetog Jakova simbol je i srce \u017eupe Me\u0111ugorje. Ova svjetski poznata crkva s dva tornja gra\u0111ena je od 1934. do 1969. godine, a smje\u0161tena je u sredi\u0161tu Me\u0111ugorja. Ujedno je i sredi\u0161te liturgijskog \u017eivota \u017eupe, a izvorne veli\u010dine nikad nisu mijenjane. Na samom ulazu u crkveni prostor nalazi [&hellip;]<\/p>\n","protected":false},"author":1,"featured_media":0,"parent":0,"menu_order":0,"comment_status":"closed","ping_status":"closed","template":"","meta":{"_et_pb_use_builder":"on","_et_pb_old_content":"","_et_gb_content_width":"","footnotes":""},"class_list":["post-497","page","type-page","status-publish","hentry"],"yoast_head":"<!-- This site is optimized with the Yoast SEO plugin v27.5 - https:\/\/yoast.com\/product\/yoast-seo-wordpress\/ -->\n<title>Znamenitosti u Me\u0111ugorju - Angels Medugorje<\/title>\n<meta name=\"robots\" content=\"index, follow, max-snippet:-1, max-image-preview:large, max-video-preview:-1\" \/>\n<link rel=\"canonical\" href=\"https:\/\/www.angelsmedugorje.com\/hr\/znamenitosti-u-medugorju\/\" \/>\n<meta property=\"og:locale\" content=\"hr_HR\" \/>\n<meta property=\"og:type\" content=\"article\" \/>\n<meta property=\"og:title\" content=\"Znamenitosti u Me\u0111ugorju - Angels Medugorje\" \/>\n<meta property=\"og:description\" content=\"Angels Medugorje Znamenitosti u Me\u0111ugorjuCrkva sv. JakovaCrkva Svetog Jakova simbol je i srce \u017eupe Me\u0111ugorje. Ova svjetski poznata crkva s dva tornja gra\u0111ena je od 1934. do 1969. godine, a smje\u0161tena je u sredi\u0161tu Me\u0111ugorja. Ujedno je i sredi\u0161te liturgijskog \u017eivota \u017eupe, a izvorne veli\u010dine nikad nisu mijenjane. Na samom ulazu u crkveni prostor nalazi [&hellip;]\" \/>\n<meta property=\"og:url\" content=\"https:\/\/www.angelsmedugorje.com\/hr\/znamenitosti-u-medugorju\/\" \/>\n<meta property=\"og:site_name\" content=\"Angels Medugorje\" \/>\n<meta name=\"twitter:card\" content=\"summary_large_image\" \/>\n<meta name=\"twitter:label1\" content=\"Procijenjeno vrijeme \u010ditanja\" \/>\n\t<meta name=\"twitter:data1\" content=\"9 minuta\" \/>\n<script type=\"application\/ld+json\" class=\"yoast-schema-graph\">{\"@context\":\"https:\\\/\\\/schema.org\",\"@graph\":[{\"@type\":\"WebPage\",\"@id\":\"https:\\\/\\\/www.angelsmedugorje.com\\\/hr\\\/znamenitosti-u-medugorju\\\/\",\"url\":\"https:\\\/\\\/www.angelsmedugorje.com\\\/hr\\\/znamenitosti-u-medugorju\\\/\",\"name\":\"Znamenitosti u Me\u0111ugorju - Angels Medugorje\",\"isPartOf\":{\"@id\":\"https:\\\/\\\/www.angelsmedugorje.com\\\/#website\"},\"datePublished\":\"2020-03-01T22:02:18+00:00\",\"breadcrumb\":{\"@id\":\"https:\\\/\\\/www.angelsmedugorje.com\\\/hr\\\/znamenitosti-u-medugorju\\\/#breadcrumb\"},\"inLanguage\":\"hr\",\"potentialAction\":[{\"@type\":\"ReadAction\",\"target\":[\"https:\\\/\\\/www.angelsmedugorje.com\\\/hr\\\/znamenitosti-u-medugorju\\\/\"]}]},{\"@type\":\"BreadcrumbList\",\"@id\":\"https:\\\/\\\/www.angelsmedugorje.com\\\/hr\\\/znamenitosti-u-medugorju\\\/#breadcrumb\",\"itemListElement\":[{\"@type\":\"ListItem\",\"position\":1,\"name\":\"Home\",\"item\":\"https:\\\/\\\/www.angelsmedugorje.com\\\/hr\\\/\"},{\"@type\":\"ListItem\",\"position\":2,\"name\":\"Znamenitosti u Me\u0111ugorju\"}]},{\"@type\":\"WebSite\",\"@id\":\"https:\\\/\\\/www.angelsmedugorje.com\\\/#website\",\"url\":\"https:\\\/\\\/www.angelsmedugorje.com\\\/\",\"name\":\"Angels Medugorje\",\"description\":\"Enjoy Your Stay in a beautiful location in the center of Medugorje\",\"potentialAction\":[{\"@type\":\"SearchAction\",\"target\":{\"@type\":\"EntryPoint\",\"urlTemplate\":\"https:\\\/\\\/www.angelsmedugorje.com\\\/?s={search_term_string}\"},\"query-input\":{\"@type\":\"PropertyValueSpecification\",\"valueRequired\":true,\"valueName\":\"search_term_string\"}}],\"inLanguage\":\"hr\"}]}<\/script>\n<!-- \/ Yoast SEO plugin. -->","yoast_head_json":{"title":"Znamenitosti u Me\u0111ugorju - Angels Medugorje","robots":{"index":"index","follow":"follow","max-snippet":"max-snippet:-1","max-image-preview":"max-image-preview:large","max-video-preview":"max-video-preview:-1"},"canonical":"https:\/\/www.angelsmedugorje.com\/hr\/znamenitosti-u-medugorju\/","og_locale":"hr_HR","og_type":"article","og_title":"Znamenitosti u Me\u0111ugorju - Angels Medugorje","og_description":"Angels Medugorje Znamenitosti u Me\u0111ugorjuCrkva sv. JakovaCrkva Svetog Jakova simbol je i srce \u017eupe Me\u0111ugorje. Ova svjetski poznata crkva s dva tornja gra\u0111ena je od 1934. do 1969. godine, a smje\u0161tena je u sredi\u0161tu Me\u0111ugorja. Ujedno je i sredi\u0161te liturgijskog \u017eivota \u017eupe, a izvorne veli\u010dine nikad nisu mijenjane. Na samom ulazu u crkveni prostor nalazi [&hellip;]","og_url":"https:\/\/www.angelsmedugorje.com\/hr\/znamenitosti-u-medugorju\/","og_site_name":"Angels Medugorje","twitter_card":"summary_large_image","twitter_misc":{"Procijenjeno vrijeme \u010ditanja":"9 minuta"},"schema":{"@context":"https:\/\/schema.org","@graph":[{"@type":"WebPage","@id":"https:\/\/www.angelsmedugorje.com\/hr\/znamenitosti-u-medugorju\/","url":"https:\/\/www.angelsmedugorje.com\/hr\/znamenitosti-u-medugorju\/","name":"Znamenitosti u Me\u0111ugorju - Angels Medugorje","isPartOf":{"@id":"https:\/\/www.angelsmedugorje.com\/#website"},"datePublished":"2020-03-01T22:02:18+00:00","breadcrumb":{"@id":"https:\/\/www.angelsmedugorje.com\/hr\/znamenitosti-u-medugorju\/#breadcrumb"},"inLanguage":"hr","potentialAction":[{"@type":"ReadAction","target":["https:\/\/www.angelsmedugorje.com\/hr\/znamenitosti-u-medugorju\/"]}]},{"@type":"BreadcrumbList","@id":"https:\/\/www.angelsmedugorje.com\/hr\/znamenitosti-u-medugorju\/#breadcrumb","itemListElement":[{"@type":"ListItem","position":1,"name":"Home","item":"https:\/\/www.angelsmedugorje.com\/hr\/"},{"@type":"ListItem","position":2,"name":"Znamenitosti u Me\u0111ugorju"}]},{"@type":"WebSite","@id":"https:\/\/www.angelsmedugorje.com\/#website","url":"https:\/\/www.angelsmedugorje.com\/","name":"Angels Medugorje","description":"Enjoy Your Stay in a beautiful location in the center of Medugorje","potentialAction":[{"@type":"SearchAction","target":{"@type":"EntryPoint","urlTemplate":"https:\/\/www.angelsmedugorje.com\/?s={search_term_string}"},"query-input":{"@type":"PropertyValueSpecification","valueRequired":true,"valueName":"search_term_string"}}],"inLanguage":"hr"}]}},"_links":{"self":[{"href":"https:\/\/www.angelsmedugorje.com\/hr\/wp-json\/wp\/v2\/pages\/497","targetHints":{"allow":["GET"]}}],"collection":[{"href":"https:\/\/www.angelsmedugorje.com\/hr\/wp-json\/wp\/v2\/pages"}],"about":[{"href":"https:\/\/www.angelsmedugorje.com\/hr\/wp-json\/wp\/v2\/types\/page"}],"author":[{"embeddable":true,"href":"https:\/\/www.angelsmedugorje.com\/hr\/wp-json\/wp\/v2\/users\/1"}],"replies":[{"embeddable":true,"href":"https:\/\/www.angelsmedugorje.com\/hr\/wp-json\/wp\/v2\/comments?post=497"}],"version-history":[{"count":1,"href":"https:\/\/www.angelsmedugorje.com\/hr\/wp-json\/wp\/v2\/pages\/497\/revisions"}],"predecessor-version":[{"id":502,"href":"https:\/\/www.angelsmedugorje.com\/hr\/wp-json\/wp\/v2\/pages\/497\/revisions\/502"}],"wp:attachment":[{"href":"https:\/\/www.angelsmedugorje.com\/hr\/wp-json\/wp\/v2\/media?parent=497"}],"curies":[{"name":"wp","href":"https:\/\/api.w.org\/{rel}","templated":true}]}}