{"id":450,"date":"2020-03-01T22:32:58","date_gmt":"2020-03-01T21:32:58","guid":{"rendered":"https:\/\/www.angelsmedugorje.com\/attrazioni-vicino-a-medjugorje\/"},"modified":"2020-03-01T22:32:59","modified_gmt":"2020-03-01T21:32:59","slug":"attrazioni-vicino-a-medjugorje","status":"publish","type":"page","link":"https:\/\/www.angelsmedugorje.com\/it\/attrazioni-vicino-a-medjugorje\/","title":{"rendered":"Attrazioni vicino a Medjugorje"},"content":{"rendered":"<p>[et_pb_section fb_built=&#8221;1&#8243; fullwidth=&#8221;on&#8221; disabled_on=&#8221;off|on|on&#8221; admin_label=&#8221;Hero Section&#8221; _builder_version=&#8221;3.20.2&#8243; background_color=&#8221;rgba(255,255,255,0.7)&#8221; animation_style=&#8221;fade&#8221; animation_direction=&#8221;bottom&#8221; animation_duration=&#8221;1250ms&#8221;][et_pb_fullwidth_header title=&#8221;Hotel Angels&#8221; subhead=&#8221;Vivi con piacere la tua permanenza in un bellissima posizione al centro di Medjugorje&#8221; text_orientation=&#8221;center&#8221; header_fullscreen=&#8221;on&#8221; button_one_text=&#8221;Informazioni&#8221; button_one_url=&#8221;#oNama&#8221; background_overlay_color=&#8221;rgba(0,0,0,0.42)&#8221; content_max_width=&#8221;50%&#8221; title_font_color=&#8221;#444235&#8243; subhead_font_color=&#8221;#444235&#8243; content_max_width_tablet=&#8221;78%&#8221; content_max_width_phone=&#8221;100%&#8221; content_max_width_last_edited=&#8221;on|phone&#8221; disabled_on=&#8221;on|off|off&#8221; admin_label=&#8221;Hero&#8221; _builder_version=&#8221;3.20.2&#8243; title_font=&#8221;|700|||||||&#8221; title_text_align=&#8221;center&#8221; title_text_color=&#8221;#ffffff&#8221; title_font_size=&#8221;80px&#8221; title_font_size_phone=&#8221;80px&#8221; title_font_size_last_edited=&#8221;on|phone&#8221; title_line_height=&#8221;1.3em&#8221; title_text_shadow_style=&#8221;preset2&#8243; title_text_shadow_horizontal_length=&#8221;0em&#8221; title_text_shadow_vertical_length=&#8221;0.06em&#8221; title_text_shadow_color=&#8221;#000000&#8243; content_font=&#8221;||||||||&#8221; subhead_font=&#8221;Open Sans||on||||||&#8221; subhead_text_align=&#8221;center&#8221; subhead_text_color=&#8221;#ffffff&#8221; subhead_font_size=&#8221;24px&#8221; subhead_font_size_phone=&#8221;15px&#8221; subhead_font_size_last_edited=&#8221;on|desktop&#8221; subhead_letter_spacing=&#8221;3px&#8221; subhead_line_height=&#8221;2em&#8221; subhead_text_shadow_style=&#8221;preset1&#8243; subhead_text_shadow_color=&#8221;#000000&#8243; background_image=&#8221;https:\/\/www.angelsmedugorje.com\/wp-content\/uploads\/Slider-01.jpg&#8221; background_position=&#8221;center_left&#8221; custom_button_one=&#8221;on&#8221; button_one_text_size=&#8221;16px&#8221; button_one_text_color=&#8221;#ffffff&#8221; button_one_border_width=&#8221;1px&#8221; button_one_border_color=&#8221;#ffffff&#8221; button_one_border_radius=&#8221;5px&#8221; button_one_letter_spacing=&#8221;6px&#8221; button_one_font=&#8221;||||||||&#8221; button_one_use_icon=&#8221;off&#8221; background_layout=&#8221;light&#8221; child_filter_saturate=&#8221;0%&#8221; animation_style=&#8221;fade&#8221; button_one_letter_spacing_hover=&#8221;10px&#8221; button_one_text_size__hover_enabled=&#8221;off&#8221; button_two_text_size__hover_enabled=&#8221;off&#8221; button_one_text_color__hover_enabled=&#8221;off&#8221; button_two_text_color__hover_enabled=&#8221;off&#8221; button_one_border_width__hover_enabled=&#8221;off&#8221; button_two_border_width__hover_enabled=&#8221;off&#8221; button_one_border_color__hover_enabled=&#8221;on&#8221; button_two_border_color__hover_enabled=&#8221;off&#8221; button_one_border_radius__hover_enabled=&#8221;off&#8221; button_two_border_radius__hover_enabled=&#8221;off&#8221; button_one_letter_spacing__hover_enabled=&#8221;on&#8221; button_one_letter_spacing__hover=&#8221;7px&#8221; button_two_letter_spacing__hover_enabled=&#8221;off&#8221; button_one_bg_color__hover_enabled=&#8221;on&#8221; button_two_bg_color__hover_enabled=&#8221;off&#8221; button_one_bg_color__hover=&#8221;#00AFEF&#8221; button_one_border_color__hover=&#8221;#00AFEF&#8221;][\/et_pb_fullwidth_header][\/et_pb_section][et_pb_section fb_built=&#8221;1&#8243; admin_label=&#8221;Header&#8221; _builder_version=&#8221;3.20.2&#8243; use_background_color_gradient=&#8221;on&#8221; background_color_gradient_start=&#8221;rgba(255,255,255,0.89)&#8221; background_color_gradient_end=&#8221;rgba(255,255,255,0.35)&#8221; background_color_gradient_type=&#8221;radial&#8221; background_color_gradient_direction_radial=&#8221;top left&#8221; background_color_gradient_start_position=&#8221;30%&#8221; background_color_gradient_overlays_image=&#8221;on&#8221; background_image=&#8221;https:\/\/www.angelsmedugorje.com\/wp-content\/uploads\/Angels-Medugorje-BCG-02.jpg&#8221; background_position=&#8221;top_center&#8221; custom_padding=&#8221;2vw|0px|42px|0px|false|false&#8221;][et_pb_row _builder_version=&#8221;3.13&#8243;][et_pb_column type=&#8221;4_4&#8243; _builder_version=&#8221;3.0.47&#8243;][et_pb_text _builder_version=&#8221;3.20.2&#8243; text_font=&#8221;||||||||&#8221; header_font=&#8221;|600|||||||&#8221; header_text_color=&#8221;#373435&#8243; header_font_size=&#8221;80px&#8221; header_font_size_tablet=&#8221;48px&#8221; header_font_size_phone=&#8221;32px&#8221; header_font_size_last_edited=&#8221;on|phone&#8221; header_line_height=&#8221;1.2em&#8221; header_5_font=&#8221;Raleway|700||on|||||&#8221; header_5_text_color=&#8221;#373435&#8243; header_5_font_size=&#8221;20px&#8221; header_5_font_size_tablet=&#8221;14px&#8221; header_5_font_size_phone=&#8221;12px&#8221; header_5_font_size_last_edited=&#8221;on|desktop&#8221; header_5_letter_spacing=&#8221;0.3em&#8221; header_5_line_height=&#8221;1.8em&#8221; animation_style=&#8221;fade&#8221; animation_duration=&#8221;1250ms&#8221;]<\/p>\n<h5>Angels Medugorje<\/h5>\n<h1>Attrazioni vicino a Medjugorje<\/h1>\n<p>[\/et_pb_text][\/et_pb_column][\/et_pb_row][\/et_pb_section][et_pb_section fb_built=&#8221;1&#8243; custom_padding_last_edited=&#8221;on|tablet&#8221; admin_label=&#8221;Packages&#8221; _builder_version=&#8221;3.0.76&#8243; custom_padding=&#8221;30px||30px||true|false&#8221; custom_padding_tablet=&#8221;0px||0px|&#8221;][et_pb_row use_custom_gutter=&#8221;on&#8221; gutter_width=&#8221;3&#8243; custom_padding=&#8221;55px|0px|65px|0px|false|false&#8221; admin_label=&#8221;Package&#8221; _builder_version=&#8221;3.20.2&#8243; background_size=&#8221;initial&#8221; background_position=&#8221;top_left&#8221; background_repeat=&#8221;repeat&#8221; animation_style=&#8221;fade&#8221; animation_duration=&#8221;1250ms&#8221;][et_pb_column type=&#8221;1_2&#8243; _builder_version=&#8221;3.0.47&#8243;][et_pb_image src=&#8221;https:\/\/www.angelsmedugorje.com\/wp-content\/uploads\/Mostar.jpg&#8221; align=&#8221;center&#8221; _builder_version=&#8221;3.20.2&#8243; box_shadow_style=&#8221;preset1&#8243; box_shadow_spread=&#8221;1px&#8221; custom_padding=&#8221;35px||&#8221; animation_style=&#8221;fade&#8221; animation_duration=&#8221;1250ms&#8221;][\/et_pb_image][\/et_pb_column][et_pb_column type=&#8221;1_2&#8243; _builder_version=&#8221;3.0.47&#8243;][et_pb_text admin_label=&#8221;Title&#8221; _builder_version=&#8221;3.20.2&#8243; text_font=&#8221;|600|||||||&#8221; header_font=&#8221;|600||on|||||&#8221; header_text_align=&#8221;left&#8221; header_text_color=&#8221;#00AFEF&#8221; header_font_size=&#8221;40px&#8221; header_letter_spacing=&#8221;2px&#8221; header_line_height=&#8221;1.5em&#8221; header_2_font=&#8221;||||||||&#8221; header_3_font=&#8221;||||||||&#8221; header_4_font=&#8221;||||||||&#8221; header_5_font=&#8221;||||||||&#8221; header_6_font=&#8221;||||||||&#8221; background_size=&#8221;initial&#8221; background_position=&#8221;top_left&#8221; background_repeat=&#8221;repeat&#8221; text_orientation=&#8221;center&#8221; module_alignment=&#8221;left&#8221; custom_margin=&#8221;||15px|&#8221; animation_style=&#8221;fade&#8221; animation_duration=&#8221;1250ms&#8221; locked=&#8221;off&#8221;]<\/p>\n<h1>Mostar<\/h1>\n<p>[\/et_pb_text][et_pb_text admin_label=&#8221;Description&#8221; _builder_version=&#8221;3.20.2&#8243; text_font=&#8221;||||||||&#8221; text_font_size=&#8221;16px&#8221; text_line_height=&#8221;2.2em&#8221; background_size=&#8221;initial&#8221; background_position=&#8221;top_left&#8221; background_repeat=&#8221;repeat&#8221; animation_style=&#8221;fade&#8221; animation_duration=&#8221;1250ms&#8221;]<\/p>\n<p>La miglior descrizione che si potrebbe fare di mostar \u00e8 \u201eil posto dove il mondo dell&#8217;est incontra quello dell&#8217;ovest\u201c: \u00e8 una citt\u00e0 di contrasti, culturalmente molto riccca e con un ottima cucina. Mostar \u00e8 divisa in due non solo dal fiume Neretva che vi scorre, ma anche dalla religione e dalla cultura.<\/p>\n<p>Le attrazioni principali a Mostar sono: Il \u201ePonte Vecchio\u201c (Stari Most), il \u201eVecchio Bazar\u201c (Kujundziluk ) e la Casa Turca (Kajtaz)<\/p>\n<p>[\/et_pb_text][\/et_pb_column][\/et_pb_row][et_pb_row use_custom_gutter=&#8221;on&#8221; gutter_width=&#8221;3&#8243; custom_padding=&#8221;55px|0px|65px|0px|false|false&#8221; admin_label=&#8221;Package&#8221; _builder_version=&#8221;3.20.2&#8243; background_size=&#8221;initial&#8221; background_position=&#8221;top_left&#8221; background_repeat=&#8221;repeat&#8221; animation_style=&#8221;fade&#8221; animation_duration=&#8221;1250ms&#8221;][et_pb_column type=&#8221;1_2&#8243; _builder_version=&#8221;3.0.47&#8243;][et_pb_image src=&#8221;https:\/\/www.angelsmedugorje.com\/wp-content\/uploads\/Kravice.jpg&#8221; align=&#8221;center&#8221; _builder_version=&#8221;3.20.2&#8243; box_shadow_style=&#8221;preset1&#8243; box_shadow_spread=&#8221;1px&#8221; custom_padding=&#8221;35px||&#8221; animation_style=&#8221;fade&#8221; animation_duration=&#8221;1250ms&#8221;][\/et_pb_image][\/et_pb_column][et_pb_column type=&#8221;1_2&#8243; _builder_version=&#8221;3.0.47&#8243;][et_pb_text admin_label=&#8221;Title&#8221; _builder_version=&#8221;3.20.2&#8243; text_font=&#8221;|600|||||||&#8221; header_font=&#8221;|600||on|||||&#8221; header_text_align=&#8221;left&#8221; header_text_color=&#8221;#00AFEF&#8221; header_font_size=&#8221;40px&#8221; header_letter_spacing=&#8221;2px&#8221; header_line_height=&#8221;1.5em&#8221; header_2_font=&#8221;||||||||&#8221; header_3_font=&#8221;||||||||&#8221; header_4_font=&#8221;||||||||&#8221; header_5_font=&#8221;||||||||&#8221; header_6_font=&#8221;||||||||&#8221; background_size=&#8221;initial&#8221; background_position=&#8221;top_left&#8221; background_repeat=&#8221;repeat&#8221; text_orientation=&#8221;center&#8221; module_alignment=&#8221;left&#8221; custom_margin=&#8221;||15px|&#8221; animation_style=&#8221;fade&#8221; animation_duration=&#8221;1250ms&#8221; locked=&#8221;off&#8221;]<\/p>\n<h1>Le Cascate di \u201eKravica\u201c<\/h1>\n<p>[\/et_pb_text][et_pb_text admin_label=&#8221;Description&#8221; _builder_version=&#8221;3.20.2&#8243; text_font=&#8221;||||||||&#8221; text_font_size=&#8221;16px&#8221; text_line_height=&#8221;2.2em&#8221; background_size=&#8221;initial&#8221; background_position=&#8221;top_left&#8221; background_repeat=&#8221;repeat&#8221; animation_style=&#8221;fade&#8221; animation_duration=&#8221;1250ms&#8221;]<\/p>\n<p>LE cascate di \u201cKravica\u201d, spesso chiamate per errore \u201cKravice\u201d, sono delle cascate molto estese formate dal fiume Trebi\u017eat nella regione carsica dell\u2019Erzegovina, 10 Km a sud di Ljubu\u0161ki (e 40 a sud di Mostar).<br \/>\nSono alte circa 25 metri ed il raggio del lago che si forma alla base delle cascate \u00e8 di circa 120 metri. Le cascate sono un luogo molto popolare per nuotate estive e picnic di locali e turisti: specie durante l\u2019estate vi arrivano turisti anche da Mostar, da Medjugorje e persino da Dubrovnik\n<\/p>\n<p>[\/et_pb_text][\/et_pb_column][\/et_pb_row][et_pb_row use_custom_gutter=&#8221;on&#8221; gutter_width=&#8221;3&#8243; custom_padding=&#8221;55px|0px|65px|0px|false|false&#8221; admin_label=&#8221;Package&#8221; _builder_version=&#8221;3.20.2&#8243; background_size=&#8221;initial&#8221; background_position=&#8221;top_left&#8221; background_repeat=&#8221;repeat&#8221; animation_style=&#8221;fade&#8221; animation_duration=&#8221;1250ms&#8221;][et_pb_column type=&#8221;1_2&#8243; _builder_version=&#8221;3.0.47&#8243;][et_pb_image src=&#8221;https:\/\/www.angelsmedugorje.com\/wp-content\/uploads\/Split.jpg&#8221; align=&#8221;center&#8221; _builder_version=&#8221;3.20.2&#8243; box_shadow_style=&#8221;preset1&#8243; box_shadow_spread=&#8221;1px&#8221; custom_padding=&#8221;35px||&#8221; animation_style=&#8221;fade&#8221; animation_duration=&#8221;1250ms&#8221;][\/et_pb_image][\/et_pb_column][et_pb_column type=&#8221;1_2&#8243; _builder_version=&#8221;3.0.47&#8243;][et_pb_text admin_label=&#8221;Title&#8221; _builder_version=&#8221;3.20.2&#8243; text_font=&#8221;|600|||||||&#8221; header_font=&#8221;|600||on|||||&#8221; header_text_align=&#8221;left&#8221; header_text_color=&#8221;#00AFEF&#8221; header_font_size=&#8221;40px&#8221; header_letter_spacing=&#8221;2px&#8221; header_line_height=&#8221;1.5em&#8221; header_2_font=&#8221;||||||||&#8221; header_3_font=&#8221;||||||||&#8221; header_4_font=&#8221;||||||||&#8221; header_5_font=&#8221;||||||||&#8221; header_6_font=&#8221;||||||||&#8221; background_size=&#8221;initial&#8221; background_position=&#8221;top_left&#8221; background_repeat=&#8221;repeat&#8221; text_orientation=&#8221;center&#8221; module_alignment=&#8221;left&#8221; custom_margin=&#8221;||15px|&#8221; animation_style=&#8221;fade&#8221; animation_duration=&#8221;1250ms&#8221; locked=&#8221;off&#8221;]<\/p>\n<h1>Split<\/h1>\n<p>[\/et_pb_text][et_pb_text admin_label=&#8221;Description&#8221; _builder_version=&#8221;3.20.2&#8243; text_font=&#8221;||||||||&#8221; text_font_size=&#8221;16px&#8221; text_line_height=&#8221;2.2em&#8221; background_size=&#8221;initial&#8221; background_position=&#8221;top_left&#8221; background_repeat=&#8221;repeat&#8221; animation_style=&#8221;fade&#8221; animation_duration=&#8221;1250ms&#8221;]<\/p>\n<p>La citt\u00e0 di Spalato, che sorge in Dalmazia sulla Costa Adriatica, ha almeno 17 secoli di storia alle spalle: l\u2019imperatore Diocleziano decise di costruire un palazzo su questa penisola vicino alla citt\u00e0 Romana di Salona, dove pass\u00f2 gli ultimi anni della sua vita in pace. In questi 1700 anni il palazzo \u00e8 diventato gradualmente una citt\u00e0, ricca di tradizioni, con una storia magnifica, piena di bellezze naturali e patrimoni artistici. Spalato \u00e8 la citt\u00e0 pi\u00f9 grande della Dalmazia, la seconda pi\u00f9 grande in Croazia ed il centro amministrativo della regione Dalmata.<\/p>\n<p>[\/et_pb_text][\/et_pb_column][\/et_pb_row][et_pb_row use_custom_gutter=&#8221;on&#8221; gutter_width=&#8221;3&#8243; custom_padding=&#8221;55px|0px|65px|0px|false|false&#8221; admin_label=&#8221;Package&#8221; _builder_version=&#8221;3.20.2&#8243; background_size=&#8221;initial&#8221; background_position=&#8221;top_left&#8221; background_repeat=&#8221;repeat&#8221; animation_style=&#8221;fade&#8221; animation_duration=&#8221;1250ms&#8221;][et_pb_column type=&#8221;1_2&#8243; _builder_version=&#8221;3.0.47&#8243;][et_pb_image src=&#8221;https:\/\/www.angelsmedugorje.com\/wp-content\/uploads\/Dubrovnik.jpg&#8221; align=&#8221;center&#8221; _builder_version=&#8221;3.20.2&#8243; box_shadow_style=&#8221;preset1&#8243; box_shadow_spread=&#8221;1px&#8221; custom_padding=&#8221;35px||&#8221; animation_style=&#8221;fade&#8221; animation_duration=&#8221;1250ms&#8221;][\/et_pb_image][\/et_pb_column][et_pb_column type=&#8221;1_2&#8243; _builder_version=&#8221;3.0.47&#8243;][et_pb_text admin_label=&#8221;Title&#8221; _builder_version=&#8221;3.20.2&#8243; text_font=&#8221;|600|||||||&#8221; header_font=&#8221;|600||on|||||&#8221; header_text_align=&#8221;left&#8221; header_text_color=&#8221;#00AFEF&#8221; header_font_size=&#8221;40px&#8221; header_letter_spacing=&#8221;2px&#8221; header_line_height=&#8221;1.5em&#8221; header_2_font=&#8221;||||||||&#8221; header_3_font=&#8221;||||||||&#8221; header_4_font=&#8221;||||||||&#8221; header_5_font=&#8221;||||||||&#8221; header_6_font=&#8221;||||||||&#8221; background_size=&#8221;initial&#8221; background_position=&#8221;top_left&#8221; background_repeat=&#8221;repeat&#8221; text_orientation=&#8221;center&#8221; module_alignment=&#8221;left&#8221; custom_margin=&#8221;||15px|&#8221; animation_style=&#8221;fade&#8221; animation_duration=&#8221;1250ms&#8221; locked=&#8221;off&#8221;]<\/p>\n<h1>Dubrovnik<\/h1>\n<p>[\/et_pb_text][et_pb_text admin_label=&#8221;Description&#8221; _builder_version=&#8221;3.20.2&#8243; text_font=&#8221;||||||||&#8221; text_font_size=&#8221;16px&#8221; text_line_height=&#8221;2.2em&#8221; background_size=&#8221;initial&#8221; background_position=&#8221;top_left&#8221; background_repeat=&#8221;repeat&#8221; animation_style=&#8221;fade&#8221; animation_duration=&#8221;1250ms&#8221;]<\/p>\n<p>Il clima mite, il cielo blu, i verdi smeraldo e i blu scuri dei profondi mari circostanti che lambiscono la costa rocciosa ed entrano in numerose baie e anfratti, le spiagge sabbiose e le scogliere scoscese decorate da una densa flora Mediterranea: Dubrovnik \u00e8 spesso bagnata dal sole, aranci e limoni vi fioriscono anche in pieno inverno: la media \u00e8 di 250 giorni di sole l\u2019anno, con una temperatura media di 17 Gradi Centigradi (la media di quella invernale \u00e8 di 10 gradi, 26 quella estiva)<\/p>\n<p>[\/et_pb_text][\/et_pb_column][\/et_pb_row][\/et_pb_section]<\/p>\n","protected":false},"excerpt":{"rendered":"<p>Angels Medugorje Attrazioni vicino a MedjugorjeMostarLa miglior descrizione che si potrebbe fare di mostar \u00e8 \u201eil posto dove il mondo dell&#8217;est incontra quello dell&#8217;ovest\u201c: \u00e8 una citt\u00e0 di contrasti, culturalmente molto riccca e con un ottima cucina. Mostar \u00e8 divisa in due non solo dal fiume Neretva che vi scorre, ma anche dalla religione e [&hellip;]<\/p>\n","protected":false},"author":1,"featured_media":434,"parent":0,"menu_order":0,"comment_status":"closed","ping_status":"closed","template":"","meta":{"_et_pb_use_builder":"on","_et_pb_old_content":"","_et_gb_content_width":"","footnotes":""},"class_list":["post-450","page","type-page","status-publish","has-post-thumbnail","hentry"],"yoast_head":"<!-- This site is optimized with the Yoast SEO plugin v27.4 - https:\/\/yoast.com\/product\/yoast-seo-wordpress\/ -->\n<title>Attrazioni vicino a Medjugorje - Angels Medugorje<\/title>\n<meta name=\"robots\" content=\"index, follow, max-snippet:-1, max-image-preview:large, max-video-preview:-1\" \/>\n<link rel=\"canonical\" href=\"https:\/\/www.angelsmedugorje.com\/it\/attrazioni-vicino-a-medjugorje\/\" \/>\n<meta property=\"og:locale\" content=\"it_IT\" \/>\n<meta property=\"og:type\" content=\"article\" \/>\n<meta property=\"og:title\" content=\"Attrazioni vicino a Medjugorje - Angels Medugorje\" \/>\n<meta property=\"og:description\" content=\"Angels Medugorje Attrazioni vicino a MedjugorjeMostarLa miglior descrizione che si potrebbe fare di mostar \u00e8 \u201eil posto dove il mondo dell&#039;est incontra quello dell&#039;ovest\u201c: \u00e8 una citt\u00e0 di contrasti, culturalmente molto riccca e con un ottima cucina. Mostar \u00e8 divisa in due non solo dal fiume Neretva che vi scorre, ma anche dalla religione e [&hellip;]\" \/>\n<meta property=\"og:url\" content=\"https:\/\/www.angelsmedugorje.com\/it\/attrazioni-vicino-a-medjugorje\/\" \/>\n<meta property=\"og:site_name\" content=\"Angels Medugorje\" \/>\n<meta property=\"article:modified_time\" content=\"2020-03-01T21:32:59+00:00\" \/>\n<meta property=\"og:image\" content=\"https:\/\/www.angelsmedugorje.com\/wp-content\/uploads\/angels-ps-01.jpg\" \/>\n\t<meta property=\"og:image:width\" content=\"1920\" \/>\n\t<meta property=\"og:image:height\" content=\"1278\" \/>\n\t<meta property=\"og:image:type\" content=\"image\/jpeg\" \/>\n<meta name=\"twitter:card\" content=\"summary_large_image\" \/>\n<meta name=\"twitter:label1\" content=\"Tempo di lettura stimato\" \/>\n\t<meta name=\"twitter:data1\" content=\"9 minuti\" \/>\n<script type=\"application\/ld+json\" class=\"yoast-schema-graph\">{\"@context\":\"https:\\\/\\\/schema.org\",\"@graph\":[{\"@type\":\"WebPage\",\"@id\":\"https:\\\/\\\/www.angelsmedugorje.com\\\/it\\\/attrazioni-vicino-a-medjugorje\\\/\",\"url\":\"https:\\\/\\\/www.angelsmedugorje.com\\\/it\\\/attrazioni-vicino-a-medjugorje\\\/\",\"name\":\"Attrazioni vicino a Medjugorje - Angels Medugorje\",\"isPartOf\":{\"@id\":\"https:\\\/\\\/www.angelsmedugorje.com\\\/#website\"},\"primaryImageOfPage\":{\"@id\":\"https:\\\/\\\/www.angelsmedugorje.com\\\/it\\\/attrazioni-vicino-a-medjugorje\\\/#primaryimage\"},\"image\":{\"@id\":\"https:\\\/\\\/www.angelsmedugorje.com\\\/it\\\/attrazioni-vicino-a-medjugorje\\\/#primaryimage\"},\"thumbnailUrl\":\"https:\\\/\\\/www.angelsmedugorje.com\\\/wp-content\\\/uploads\\\/angels-ps-01.jpg\",\"datePublished\":\"2020-03-01T21:32:58+00:00\",\"dateModified\":\"2020-03-01T21:32:59+00:00\",\"breadcrumb\":{\"@id\":\"https:\\\/\\\/www.angelsmedugorje.com\\\/it\\\/attrazioni-vicino-a-medjugorje\\\/#breadcrumb\"},\"inLanguage\":\"it-IT\",\"potentialAction\":[{\"@type\":\"ReadAction\",\"target\":[\"https:\\\/\\\/www.angelsmedugorje.com\\\/it\\\/attrazioni-vicino-a-medjugorje\\\/\"]}]},{\"@type\":\"ImageObject\",\"inLanguage\":\"it-IT\",\"@id\":\"https:\\\/\\\/www.angelsmedugorje.com\\\/it\\\/attrazioni-vicino-a-medjugorje\\\/#primaryimage\",\"url\":\"https:\\\/\\\/www.angelsmedugorje.com\\\/wp-content\\\/uploads\\\/angels-ps-01.jpg\",\"contentUrl\":\"https:\\\/\\\/www.angelsmedugorje.com\\\/wp-content\\\/uploads\\\/angels-ps-01.jpg\",\"width\":1920,\"height\":1278},{\"@type\":\"BreadcrumbList\",\"@id\":\"https:\\\/\\\/www.angelsmedugorje.com\\\/it\\\/attrazioni-vicino-a-medjugorje\\\/#breadcrumb\",\"itemListElement\":[{\"@type\":\"ListItem\",\"position\":1,\"name\":\"Home\",\"item\":\"https:\\\/\\\/www.angelsmedugorje.com\\\/it\\\/\"},{\"@type\":\"ListItem\",\"position\":2,\"name\":\"Attrazioni vicino a Medjugorje\"}]},{\"@type\":\"WebSite\",\"@id\":\"https:\\\/\\\/www.angelsmedugorje.com\\\/#website\",\"url\":\"https:\\\/\\\/www.angelsmedugorje.com\\\/\",\"name\":\"Angels Medugorje\",\"description\":\"Enjoy Your Stay in a beautiful location in the center of Medugorje\",\"potentialAction\":[{\"@type\":\"SearchAction\",\"target\":{\"@type\":\"EntryPoint\",\"urlTemplate\":\"https:\\\/\\\/www.angelsmedugorje.com\\\/?s={search_term_string}\"},\"query-input\":{\"@type\":\"PropertyValueSpecification\",\"valueRequired\":true,\"valueName\":\"search_term_string\"}}],\"inLanguage\":\"it-IT\"}]}<\/script>\n<!-- \/ Yoast SEO plugin. -->","yoast_head_json":{"title":"Attrazioni vicino a Medjugorje - Angels Medugorje","robots":{"index":"index","follow":"follow","max-snippet":"max-snippet:-1","max-image-preview":"max-image-preview:large","max-video-preview":"max-video-preview:-1"},"canonical":"https:\/\/www.angelsmedugorje.com\/it\/attrazioni-vicino-a-medjugorje\/","og_locale":"it_IT","og_type":"article","og_title":"Attrazioni vicino a Medjugorje - Angels Medugorje","og_description":"Angels Medugorje Attrazioni vicino a MedjugorjeMostarLa miglior descrizione che si potrebbe fare di mostar \u00e8 \u201eil posto dove il mondo dell'est incontra quello dell'ovest\u201c: \u00e8 una citt\u00e0 di contrasti, culturalmente molto riccca e con un ottima cucina. Mostar \u00e8 divisa in due non solo dal fiume Neretva che vi scorre, ma anche dalla religione e [&hellip;]","og_url":"https:\/\/www.angelsmedugorje.com\/it\/attrazioni-vicino-a-medjugorje\/","og_site_name":"Angels Medugorje","article_modified_time":"2020-03-01T21:32:59+00:00","og_image":[{"width":1920,"height":1278,"url":"https:\/\/www.angelsmedugorje.com\/wp-content\/uploads\/angels-ps-01.jpg","type":"image\/jpeg"}],"twitter_card":"summary_large_image","twitter_misc":{"Tempo di lettura stimato":"9 minuti"},"schema":{"@context":"https:\/\/schema.org","@graph":[{"@type":"WebPage","@id":"https:\/\/www.angelsmedugorje.com\/it\/attrazioni-vicino-a-medjugorje\/","url":"https:\/\/www.angelsmedugorje.com\/it\/attrazioni-vicino-a-medjugorje\/","name":"Attrazioni vicino a Medjugorje - Angels Medugorje","isPartOf":{"@id":"https:\/\/www.angelsmedugorje.com\/#website"},"primaryImageOfPage":{"@id":"https:\/\/www.angelsmedugorje.com\/it\/attrazioni-vicino-a-medjugorje\/#primaryimage"},"image":{"@id":"https:\/\/www.angelsmedugorje.com\/it\/attrazioni-vicino-a-medjugorje\/#primaryimage"},"thumbnailUrl":"https:\/\/www.angelsmedugorje.com\/wp-content\/uploads\/angels-ps-01.jpg","datePublished":"2020-03-01T21:32:58+00:00","dateModified":"2020-03-01T21:32:59+00:00","breadcrumb":{"@id":"https:\/\/www.angelsmedugorje.com\/it\/attrazioni-vicino-a-medjugorje\/#breadcrumb"},"inLanguage":"it-IT","potentialAction":[{"@type":"ReadAction","target":["https:\/\/www.angelsmedugorje.com\/it\/attrazioni-vicino-a-medjugorje\/"]}]},{"@type":"ImageObject","inLanguage":"it-IT","@id":"https:\/\/www.angelsmedugorje.com\/it\/attrazioni-vicino-a-medjugorje\/#primaryimage","url":"https:\/\/www.angelsmedugorje.com\/wp-content\/uploads\/angels-ps-01.jpg","contentUrl":"https:\/\/www.angelsmedugorje.com\/wp-content\/uploads\/angels-ps-01.jpg","width":1920,"height":1278},{"@type":"BreadcrumbList","@id":"https:\/\/www.angelsmedugorje.com\/it\/attrazioni-vicino-a-medjugorje\/#breadcrumb","itemListElement":[{"@type":"ListItem","position":1,"name":"Home","item":"https:\/\/www.angelsmedugorje.com\/it\/"},{"@type":"ListItem","position":2,"name":"Attrazioni vicino a Medjugorje"}]},{"@type":"WebSite","@id":"https:\/\/www.angelsmedugorje.com\/#website","url":"https:\/\/www.angelsmedugorje.com\/","name":"Angels Medugorje","description":"Enjoy Your Stay in a beautiful location in the center of Medugorje","potentialAction":[{"@type":"SearchAction","target":{"@type":"EntryPoint","urlTemplate":"https:\/\/www.angelsmedugorje.com\/?s={search_term_string}"},"query-input":{"@type":"PropertyValueSpecification","valueRequired":true,"valueName":"search_term_string"}}],"inLanguage":"it-IT"}]}},"_links":{"self":[{"href":"https:\/\/www.angelsmedugorje.com\/it\/wp-json\/wp\/v2\/pages\/450","targetHints":{"allow":["GET"]}}],"collection":[{"href":"https:\/\/www.angelsmedugorje.com\/it\/wp-json\/wp\/v2\/pages"}],"about":[{"href":"https:\/\/www.angelsmedugorje.com\/it\/wp-json\/wp\/v2\/types\/page"}],"author":[{"embeddable":true,"href":"https:\/\/www.angelsmedugorje.com\/it\/wp-json\/wp\/v2\/users\/1"}],"replies":[{"embeddable":true,"href":"https:\/\/www.angelsmedugorje.com\/it\/wp-json\/wp\/v2\/comments?post=450"}],"version-history":[{"count":1,"href":"https:\/\/www.angelsmedugorje.com\/it\/wp-json\/wp\/v2\/pages\/450\/revisions"}],"predecessor-version":[{"id":455,"href":"https:\/\/www.angelsmedugorje.com\/it\/wp-json\/wp\/v2\/pages\/450\/revisions\/455"}],"wp:featuredmedia":[{"embeddable":true,"href":"https:\/\/www.angelsmedugorje.com\/it\/wp-json\/wp\/v2\/media\/434"}],"wp:attachment":[{"href":"https:\/\/www.angelsmedugorje.com\/it\/wp-json\/wp\/v2\/media?parent=450"}],"curies":[{"name":"wp","href":"https:\/\/api.w.org\/{rel}","templated":true}]}}